{"id":2585,"date":"2024-01-31T12:49:37","date_gmt":"2024-01-31T11:49:37","guid":{"rendered":"https:\/\/www.signes.es\/senyalitzacio\/"},"modified":"2024-04-23T12:59:14","modified_gmt":"2024-04-23T10:59:14","slug":"senyalitzacio","status":"publish","type":"page","link":"https:\/\/www.signes.es\/ca\/senyalitzacio\/","title":{"rendered":"Senyalitzaci\u00f3"},"content":{"rendered":"\t\t<div data-elementor-type=\"wp-page\" data-elementor-id=\"2585\" class=\"elementor elementor-2585 elementor-9\" data-elementor-post-type=\"page\">\n\t\t\t\t<div class=\"elementor-element elementor-element-91e2cb3 e-con-full e-flex e-con e-parent\" data-id=\"91e2cb3\" data-element_type=\"container\">\n\t\t<div class=\"elementor-element elementor-element-1deff83 e-con-full elementor-hidden-tablet elementor-hidden-mobile e-flex e-con e-child\" data-id=\"1deff83\" data-element_type=\"container\">\n\t\t\t\t<div class=\"elementor-element elementor-element-8662e26 elementor-widget elementor-widget-template\" data-id=\"8662e26\" data-element_type=\"widget\" data-settings=\"{&quot;sticky&quot;:&quot;top&quot;,&quot;sticky_offset&quot;:70,&quot;sticky_parent&quot;:&quot;yes&quot;,&quot;sticky_on&quot;:[&quot;desktop&quot;,&quot;tablet&quot;,&quot;mobile&quot;],&quot;sticky_effects_offset&quot;:0}\" data-widget_type=\"template.default\">\n\t\t\t\t<div class=\"elementor-widget-container\">\n\t\t\t\t\t<div class=\"elementor-template\">\n\t\t\t\t\t<div data-elementor-type=\"container\" data-elementor-id=\"1745\" class=\"elementor elementor-1745 elementor-724\" data-elementor-post-type=\"elementor_library\">\n\t\t\t\t<div class=\"elementor-element elementor-element-57983340 e-flex e-con-boxed e-con e-child\" data-id=\"57983340\" data-element_type=\"container\">\n\t\t\t\t\t<div class=\"e-con-inner\">\n\t\t\t\t<div class=\"elementor-element elementor-element-d8bed45 elementor-widget elementor-widget-heading\" data-id=\"d8bed45\" data-element_type=\"widget\" data-widget_type=\"heading.default\">\n\t\t\t\t<div class=\"elementor-widget-container\">\n\t\t\t<h2 class=\"elementor-heading-title elementor-size-default\">SOL\u00b7LICITAR PRESSUPOST<\/h2>\t\t<\/div>\n\t\t\t\t<\/div>\n\t\t\t\t<div class=\"elementor-element elementor-element-5505a11f elementor-button-align-stretch elementor-widget elementor-widget-form\" data-id=\"5505a11f\" data-element_type=\"widget\" data-settings=\"{&quot;step_next_label&quot;:&quot;Next&quot;,&quot;step_previous_label&quot;:&quot;Previous&quot;,&quot;button_width&quot;:&quot;100&quot;,&quot;step_type&quot;:&quot;number_text&quot;,&quot;step_icon_shape&quot;:&quot;circle&quot;}\" data-widget_type=\"form.default\">\n\t\t\t\t<div class=\"elementor-widget-container\">\n\t\t\t\t\t<form class=\"elementor-form\" method=\"post\" name=\"New Form\">\n\t\t\t<input type=\"hidden\" name=\"post_id\" value=\"1745\"\/>\n\t\t\t<input type=\"hidden\" name=\"form_id\" value=\"5505a11f\"\/>\n\t\t\t<input type=\"hidden\" name=\"referer_title\" value=\"\" \/>\n\n\t\t\t\n\t\t\t<div class=\"elementor-form-fields-wrapper elementor-labels-\">\n\t\t\t\t\t\t\t\t<div class=\"elementor-field-type-text elementor-field-group elementor-column elementor-field-group-name elementor-col-100\">\n\t\t\t\t\t\t\t\t\t\t\t\t\t<input size=\"1\" type=\"text\" name=\"form_fields[name]\" id=\"form-field-name\" class=\"elementor-field elementor-size-sm  elementor-field-textual\" placeholder=\"Nom\">\n\t\t\t\t\t\t\t\t\t\t\t<\/div>\n\t\t\t\t\t\t\t\t<div class=\"elementor-field-type-email elementor-field-group elementor-column elementor-field-group-email elementor-col-100 elementor-field-required\">\n\t\t\t\t\t\t\t\t\t\t\t\t\t<input size=\"1\" type=\"email\" name=\"form_fields[email]\" id=\"form-field-email\" class=\"elementor-field elementor-size-sm  elementor-field-textual\" placeholder=\"Email\" required=\"required\" aria-required=\"true\">\n\t\t\t\t\t\t\t\t\t\t\t<\/div>\n\t\t\t\t\t\t\t\t<div class=\"elementor-field-type-number elementor-field-group elementor-column elementor-field-group-message elementor-col-100\">\n\t\t\t\t\t\t\t\t<input type=\"number\" name=\"form_fields[message]\" id=\"form-field-message\" class=\"elementor-field elementor-size-sm  elementor-field-textual\" placeholder=\"Tel\u00e8fon\" min=\"\" max=\"\" >\n\t\t\t\t\t\t<\/div>\n\t\t\t\t\t\t\t\t<div class=\"elementor-field-type-textarea elementor-field-group elementor-column elementor-field-group-field_2ce1abc elementor-col-100\">\n\t\t\t\t\t<textarea class=\"elementor-field-textual elementor-field  elementor-size-sm\" name=\"form_fields[field_2ce1abc]\" id=\"form-field-field_2ce1abc\" rows=\"4\" placeholder=\"Consulta\"><\/textarea>\t\t\t\t<\/div>\n\t\t\t\t\t\t\t\t<div class=\"elementor-field-type-acceptance elementor-field-group elementor-column elementor-field-group-field_4422c12 elementor-col-100\">\n\t\t\t\t\t\t\t<div class=\"elementor-field-subgroup\">\n\t\t\t<span class=\"elementor-field-option\">\n\t\t\t\t<input type=\"checkbox\" name=\"form_fields[field_4422c12]\" id=\"form-field-field_4422c12\" class=\"elementor-field elementor-size-sm  elementor-acceptance-field\">\n\t\t\t\t<label for=\"form-field-field_4422c12\">He llegit i accepto els <a href=\"https:\/\/www.signes.es\/nota-legal\/\" target=\"_blank\">termes i condicions<\/a><\/label>\t\t\t<\/span>\n\t\t<\/div>\n\t\t\t\t\t\t<\/div>\n\t\t\t\t\t\t\t\t<div class=\"elementor-field-group elementor-column elementor-field-type-submit elementor-col-100 e-form__buttons\">\n\t\t\t\t\t<button class=\"elementor-button elementor-size-sm\" type=\"submit\">\n\t\t\t\t\t\t<span class=\"elementor-button-content-wrapper\">\n\t\t\t\t\t\t\t\t\t\t\t\t\t\t\t\t\t\t\t\t\t\t<span class=\"elementor-button-text\">Enviar<\/span>\n\t\t\t\t\t\t\t\t\t\t\t\t\t<\/span>\n\t\t\t\t\t<\/button>\n\t\t\t\t<\/div>\n\t\t\t<\/div>\n\t\t<\/form>\n\t\t\t\t<\/div>\n\t\t\t\t<\/div>\n\t\t\t\t\t<\/div>\n\t\t\t\t<\/div>\n\t\t\t\t<\/div>\n\t\t\t\t<\/div>\n\t\t\t\t<\/div>\n\t\t\t\t<\/div>\n\t\t\t\t<\/div>\n\t\t<div class=\"elementor-element elementor-element-f47c66f e-flex e-con-boxed e-con e-child\" data-id=\"f47c66f\" data-element_type=\"container\">\n\t\t\t\t\t<div class=\"e-con-inner\">\n\t\t\t\t<div class=\"elementor-element elementor-element-8e6bc30 elementor-widget elementor-widget-heading\" data-id=\"8e6bc30\" data-element_type=\"widget\" data-widget_type=\"heading.default\">\n\t\t\t\t<div class=\"elementor-widget-container\">\n\t\t\t<h2 class=\"elementor-heading-title elementor-size-default\">Empresa de senyalitzaci\u00f3, la nostra experi\u00e8ncia ens avala<\/h2>\t\t<\/div>\n\t\t\t\t<\/div>\n\t\t\t\t<div class=\"elementor-element elementor-element-e111961 elementor-widget elementor-widget-text-editor\" data-id=\"e111961\" data-element_type=\"widget\" data-widget_type=\"text-editor.default\">\n\t\t\t\t<div class=\"elementor-widget-container\">\n\t\t\t\t\t\t\t<div class=\"wpb_text_column wpb_content_element \">\n<div class=\"wpb_wrapper\">\n<p>Signes Imatge i Comunicaci\u00f3 \u00e9s una empresa especialista en implantaci\u00f3 d&#8217;imatge corporativa i senyalitzaci\u00f3, creada el 1982 per Llu\u00eds Mor\u00f3n.<\/p>\n<p>Des del comen\u00e7ament s&#8217;ha buscat una marcada diferenciaci\u00f3 amb les empreses de senyalitzaci\u00f3 i r\u00e8tols a l&#8217;\u00fas. Signes es va especialitzar i desenvolupar principalment en projectes relacionats amb el bon disseny, projectes amb un valor afegit, on el disseny gr\u00e0fic, l&#8217;enginyeria i el disseny industrial tinguessin un gran nivell.<\/p>\n<p>Projectes i senyalitzaci\u00f3 per a empreses que ens van permetre cr\u00e9ixer als anys 80 al costat clients tan rellevants com \u201cLa Caixa\u201d, Telef\u00f3nica, Sony, Ag\u00e8ncia Efe, Repsol o les Estacions Mar\u00edtimes del Port de Barcelona. Clients enormes per a una min\u00fascula Signes en accelerat creixement dels primers anys.<\/p>\n<p>Els productes fabricats i desenvolupats per Signes sempre han resolt els reptes i necessitats dels nostres clients, per dif\u00edcils que fossin, assumint els problemes dels nostres clients com a propis.<\/p>\n<\/p>\n<\/div>\n<\/div>\n\t\t\t\t\t\t<\/div>\n\t\t\t\t<\/div>\n\t\t\t\t<div class=\"elementor-element elementor-element-e1c73c4 elementor-widget elementor-widget-image\" data-id=\"e1c73c4\" data-element_type=\"widget\" data-widget_type=\"image.default\">\n\t\t\t\t<div class=\"elementor-widget-container\">\n\t\t\t\t\t\t\t\t\t\t\t\t\t<img fetchpriority=\"high\" decoding=\"async\" width=\"800\" height=\"592\" src=\"https:\/\/www.signes.es\/wp-content\/uploads\/2024\/04\/2@250x.jpg\" class=\"attachment-large size-large wp-image-2622\" alt=\"\" srcset=\"https:\/\/www.signes.es\/wp-content\/uploads\/2024\/04\/2@250x.jpg 800w, https:\/\/www.signes.es\/wp-content\/uploads\/2024\/04\/2@250x-300x222.jpg 300w, https:\/\/www.signes.es\/wp-content\/uploads\/2024\/04\/2@250x-768x568.jpg 768w\" sizes=\"(max-width: 800px) 100vw, 800px\" \/>\t\t\t\t\t\t\t\t\t\t\t\t\t<\/div>\n\t\t\t\t<\/div>\n\t\t\t\t<div class=\"elementor-element elementor-element-0d9a875 elementor-widget elementor-widget-text-editor\" data-id=\"0d9a875\" data-element_type=\"widget\" data-widget_type=\"text-editor.default\">\n\t\t\t\t<div class=\"elementor-widget-container\">\n\t\t\t\t\t\t\t<p><br><\/p><p>La nostra planta de producci\u00f3 de senyalitzaci\u00f3 per a empreses est\u00e0 dotada dels mitjans i equips m\u00e9s avan\u00e7ats, permetent la flexibilitat necess\u00e0ria per emprendre des d&#8217;una producci\u00f3 singular i exclusiva fins a un gran projecte de fabricaci\u00f3 seriada. El nostre equip hum\u00e0 \u2013en cont\u00ednua formaci\u00f3\u2013 compta amb una gran especialitzaci\u00f3 i experi\u00e8ncia, avalada en desenes de projectes singulars.<\/p>\n<p>La realitzaci\u00f3 de peces d&#8217;extrema dificultat industrial o complexos acabats s\u00f3n el dia a dia de la nostra companyia. L&#8217;estudi detallat del projecte, investigant i treballant el m\u00e9s m\u00ednim detall, i la nostra experi\u00e8ncia de m\u00e9s de trenta-cinc anys al sector, ens permet aconsellar i proposar als nostres clients els millors materials i acabats, d&#8217;acord amb la magnitud de cada projecte.<\/p>\n<p>La constant modernitzaci\u00f3 i posada al dia en materials, acabats i tecnologia \u00e9s imprescindible en un sector tan canviant com el de la imatge corporativa. Si des del primer dia la qualitat i els petits detalls s\u00f3n el m\u00e9s important de la nostra feina, a partir del 1998 els par\u00e0metres de Qualitat ISO 9001 i Medi Ambient ISO 14001 ens acompanyen i distingeixen els nostres productes.<\/p>\t\t\t\t\t\t<\/div>\n\t\t\t\t<\/div>\n\t\t\t\t\t<\/div>\n\t\t\t\t<\/div>\n\t\t\t\t<\/div>\n\t\t<div class=\"elementor-element elementor-element-49bc3d28 e-flex e-con-boxed e-con e-parent\" data-id=\"49bc3d28\" data-element_type=\"container\">\n\t\t\t\t\t<div class=\"e-con-inner\">\n\t\t<div class=\"elementor-element elementor-element-43ee035e e-con-full contect_iamge e-flex e-con e-child\" data-id=\"43ee035e\" data-element_type=\"container\" data-settings=\"{&quot;background_background&quot;:&quot;classic&quot;}\">\n\t\t\t\t<div class=\"elementor-element elementor-element-492599ac elementor-widget elementor-widget-heading\" data-id=\"492599ac\" data-element_type=\"widget\" data-widget_type=\"heading.default\">\n\t\t\t\t<div class=\"elementor-widget-container\">\n\t\t\t<h2 class=\"elementor-heading-title elementor-size-default\"><a href=\"https:\/\/www.signes.es\/ca\/senyalitzacio\/senyalitzacio-demergencia-i-evacuacio-amb-valor-afegit\/\">SENYALITZACI\u00d3 EMERG\u00c8NCIA<\/a><\/h2>\t\t<\/div>\n\t\t\t\t<\/div>\n\t\t\t\t<div class=\"elementor-element elementor-element-c29d739 elementor-align-center boton_over elementor-widget elementor-widget-the7_button_widget\" data-id=\"c29d739\" data-element_type=\"widget\" data-widget_type=\"the7_button_widget.default\">\n\t\t\t\t<div class=\"elementor-widget-container\">\n\t\t\t<div class=\"elementor-button-wrapper\"><a href=\"https:\/\/www.signes.es\/ca\/senyalitzacio\/senyalitzacio-demergencia-i-evacuacio-amb-valor-afegit\/\" class=\"box-button elementor-button elementor-size-md\">VEURE M\u00c9S<svg aria-hidden=\"true\" class=\"elementor-button-icon e-font-icon-svg e-fas-angle-right\" viewBox=\"0 0 256 512\" xmlns=\"http:\/\/www.w3.org\/2000\/svg\"><path d=\"M224.3 273l-136 136c-9.4 9.4-24.6 9.4-33.9 0l-22.6-22.6c-9.4-9.4-9.4-24.6 0-33.9l96.4-96.4-96.4-96.4c-9.4-9.4-9.4-24.6 0-33.9L54.3 103c9.4-9.4 24.6-9.4 33.9 0l136 136c9.5 9.4 9.5 24.6.1 34z\"><\/path><\/svg><\/a><\/div>\t\t<\/div>\n\t\t\t\t<\/div>\n\t\t\t\t<\/div>\n\t\t<div class=\"elementor-element elementor-element-1a175eb3 e-con-full contect_iamge e-flex e-con e-child\" data-id=\"1a175eb3\" data-element_type=\"container\" data-settings=\"{&quot;background_background&quot;:&quot;classic&quot;}\">\n\t\t\t\t<div class=\"elementor-element elementor-element-6090e103 elementor-widget elementor-widget-heading\" data-id=\"6090e103\" data-element_type=\"widget\" data-widget_type=\"heading.default\">\n\t\t\t\t<div class=\"elementor-widget-container\">\n\t\t\t<h2 class=\"elementor-heading-title elementor-size-default\">SENYALITZACI\u00d3 TUR\u00cdSTICA<\/h2>\t\t<\/div>\n\t\t\t\t<\/div>\n\t\t\t\t<div class=\"elementor-element elementor-element-a7840c9 elementor-align-center boton_over elementor-widget elementor-widget-the7_button_widget\" data-id=\"a7840c9\" data-element_type=\"widget\" data-widget_type=\"the7_button_widget.default\">\n\t\t\t\t<div class=\"elementor-widget-container\">\n\t\t\t<div class=\"elementor-button-wrapper\"><a href=\"https:\/\/www.signes.es\/ca\/senyalitzacio\/senyalitzacio-turistica\/\" class=\"box-button elementor-button elementor-size-md\">VEURE M\u00c9S<svg aria-hidden=\"true\" class=\"elementor-button-icon e-font-icon-svg e-fas-angle-right\" viewBox=\"0 0 256 512\" xmlns=\"http:\/\/www.w3.org\/2000\/svg\"><path d=\"M224.3 273l-136 136c-9.4 9.4-24.6 9.4-33.9 0l-22.6-22.6c-9.4-9.4-9.4-24.6 0-33.9l96.4-96.4-96.4-96.4c-9.4-9.4-9.4-24.6 0-33.9L54.3 103c9.4-9.4 24.6-9.4 33.9 0l136 136c9.5 9.4 9.5 24.6.1 34z\"><\/path><\/svg><\/a><\/div>\t\t<\/div>\n\t\t\t\t<\/div>\n\t\t\t\t<\/div>\n\t\t\t\t\t<\/div>\n\t\t\t\t<\/div>\n\t\t<div class=\"elementor-element elementor-element-7529b40 e-flex e-con-boxed e-con e-parent\" data-id=\"7529b40\" data-element_type=\"container\">\n\t\t\t\t\t<div class=\"e-con-inner\">\n\t\t<div class=\"elementor-element elementor-element-6373c3c e-con-full contect_iamge e-flex e-con e-child\" data-id=\"6373c3c\" data-element_type=\"container\" data-settings=\"{&quot;background_background&quot;:&quot;classic&quot;}\">\n\t\t\t\t<div class=\"elementor-element elementor-element-2c07be7 elementor-widget elementor-widget-heading\" data-id=\"2c07be7\" data-element_type=\"widget\" data-widget_type=\"heading.default\">\n\t\t\t\t<div class=\"elementor-widget-container\">\n\t\t\t<h2 class=\"elementor-heading-title elementor-size-default\">SENYALITZACI\u00d3 P\u00c0RQUING<\/h2>\t\t<\/div>\n\t\t\t\t<\/div>\n\t\t\t\t<div class=\"elementor-element elementor-element-2e2bdcc elementor-align-center boton_over elementor-widget elementor-widget-the7_button_widget\" data-id=\"2e2bdcc\" data-element_type=\"widget\" data-widget_type=\"the7_button_widget.default\">\n\t\t\t\t<div class=\"elementor-widget-container\">\n\t\t\t<div class=\"elementor-button-wrapper\"><a href=\"https:\/\/www.signes.es\/ca\/senyalitzacio\/senyalitzacio-de-parquing\/\" class=\"box-button elementor-button elementor-size-md\">VEURE M\u00c9S<svg aria-hidden=\"true\" class=\"elementor-button-icon e-font-icon-svg e-fas-angle-right\" viewBox=\"0 0 256 512\" xmlns=\"http:\/\/www.w3.org\/2000\/svg\"><path d=\"M224.3 273l-136 136c-9.4 9.4-24.6 9.4-33.9 0l-22.6-22.6c-9.4-9.4-9.4-24.6 0-33.9l96.4-96.4-96.4-96.4c-9.4-9.4-9.4-24.6 0-33.9L54.3 103c9.4-9.4 24.6-9.4 33.9 0l136 136c9.5 9.4 9.5 24.6.1 34z\"><\/path><\/svg><\/a><\/div>\t\t<\/div>\n\t\t\t\t<\/div>\n\t\t\t\t<\/div>\n\t\t<div class=\"elementor-element elementor-element-4866769 e-con-full contect_iamge e-flex e-con e-child\" data-id=\"4866769\" data-element_type=\"container\" data-settings=\"{&quot;background_background&quot;:&quot;classic&quot;}\">\n\t\t\t\t<div class=\"elementor-element elementor-element-1d20dcf elementor-widget elementor-widget-heading\" data-id=\"1d20dcf\" data-element_type=\"widget\" data-widget_type=\"heading.default\">\n\t\t\t\t<div class=\"elementor-widget-container\">\n\t\t\t<h2 class=\"elementor-heading-title elementor-size-default\">SENYALITZACI\u00d3 URBANA<\/h2>\t\t<\/div>\n\t\t\t\t<\/div>\n\t\t\t\t<div class=\"elementor-element elementor-element-64517a6 elementor-align-center boton_over elementor-widget elementor-widget-the7_button_widget\" data-id=\"64517a6\" data-element_type=\"widget\" data-widget_type=\"the7_button_widget.default\">\n\t\t\t\t<div class=\"elementor-widget-container\">\n\t\t\t<div class=\"elementor-button-wrapper\"><a href=\"https:\/\/www.signes.es\/ca\/senyalitzacio\/senyalitzacio-urbana\/\" class=\"box-button elementor-button elementor-size-md\">VEURE M\u00c9S<svg aria-hidden=\"true\" class=\"elementor-button-icon e-font-icon-svg e-fas-angle-right\" viewBox=\"0 0 256 512\" xmlns=\"http:\/\/www.w3.org\/2000\/svg\"><path d=\"M224.3 273l-136 136c-9.4 9.4-24.6 9.4-33.9 0l-22.6-22.6c-9.4-9.4-9.4-24.6 0-33.9l96.4-96.4-96.4-96.4c-9.4-9.4-9.4-24.6 0-33.9L54.3 103c9.4-9.4 24.6-9.4 33.9 0l136 136c9.5 9.4 9.5 24.6.1 34z\"><\/path><\/svg><\/a><\/div>\t\t<\/div>\n\t\t\t\t<\/div>\n\t\t\t\t<\/div>\n\t\t\t\t\t<\/div>\n\t\t\t\t<\/div>\n\t\t<div class=\"elementor-element elementor-element-1b69dd0 e-flex e-con-boxed e-con e-parent\" data-id=\"1b69dd0\" data-element_type=\"container\">\n\t\t\t\t\t<div class=\"e-con-inner\">\n\t\t<div class=\"elementor-element elementor-element-d49f006 e-con-full contect_iamge e-flex e-con e-child\" data-id=\"d49f006\" data-element_type=\"container\" data-settings=\"{&quot;background_background&quot;:&quot;classic&quot;}\">\n\t\t\t\t<div class=\"elementor-element elementor-element-b6f674f elementor-widget elementor-widget-heading\" data-id=\"b6f674f\" data-element_type=\"widget\" data-widget_type=\"heading.default\">\n\t\t\t\t<div class=\"elementor-widget-container\">\n\t\t\t<h2 class=\"elementor-heading-title elementor-size-default\">SENYALITZACI\u00d3 CORPORATIVA<\/h2>\t\t<\/div>\n\t\t\t\t<\/div>\n\t\t\t\t<div class=\"elementor-element elementor-element-b709cfa elementor-align-center boton_over elementor-widget elementor-widget-the7_button_widget\" data-id=\"b709cfa\" data-element_type=\"widget\" data-widget_type=\"the7_button_widget.default\">\n\t\t\t\t<div class=\"elementor-widget-container\">\n\t\t\t<div class=\"elementor-button-wrapper\"><a href=\"https:\/\/www.signes.es\/ca\/senyalitzacio\/identitat-corporativa\/\" class=\"box-button elementor-button elementor-size-md\">VEURE M\u00c9S<svg aria-hidden=\"true\" class=\"elementor-button-icon e-font-icon-svg e-fas-angle-right\" viewBox=\"0 0 256 512\" xmlns=\"http:\/\/www.w3.org\/2000\/svg\"><path d=\"M224.3 273l-136 136c-9.4 9.4-24.6 9.4-33.9 0l-22.6-22.6c-9.4-9.4-9.4-24.6 0-33.9l96.4-96.4-96.4-96.4c-9.4-9.4-9.4-24.6 0-33.9L54.3 103c9.4-9.4 24.6-9.4 33.9 0l136 136c9.5 9.4 9.5 24.6.1 34z\"><\/path><\/svg><\/a><\/div>\t\t<\/div>\n\t\t\t\t<\/div>\n\t\t\t\t<\/div>\n\t\t<div class=\"elementor-element elementor-element-5c55a4b e-con-full contect_iamge e-flex e-con e-child\" data-id=\"5c55a4b\" data-element_type=\"container\" data-settings=\"{&quot;background_background&quot;:&quot;classic&quot;}\">\n\t\t\t\t<div class=\"elementor-element elementor-element-6af4150 elementor-widget elementor-widget-heading\" data-id=\"6af4150\" data-element_type=\"widget\" data-widget_type=\"heading.default\">\n\t\t\t\t<div class=\"elementor-widget-container\">\n\t\t\t<h2 class=\"elementor-heading-title elementor-size-default\">SENYALITZACI\u00d3 INTERIOR<\/h2>\t\t<\/div>\n\t\t\t\t<\/div>\n\t\t\t\t<div class=\"elementor-element elementor-element-1f02005 elementor-align-center boton_over elementor-widget elementor-widget-the7_button_widget\" data-id=\"1f02005\" data-element_type=\"widget\" data-widget_type=\"the7_button_widget.default\">\n\t\t\t\t<div class=\"elementor-widget-container\">\n\t\t\t<div class=\"elementor-button-wrapper\"><a href=\"https:\/\/www.signes.es\/ca\/senyalitzacio\/senyalitzacio-interior\/\" class=\"box-button elementor-button elementor-size-md\">VEURE M\u00c9S<svg aria-hidden=\"true\" class=\"elementor-button-icon e-font-icon-svg e-fas-angle-right\" viewBox=\"0 0 256 512\" xmlns=\"http:\/\/www.w3.org\/2000\/svg\"><path d=\"M224.3 273l-136 136c-9.4 9.4-24.6 9.4-33.9 0l-22.6-22.6c-9.4-9.4-9.4-24.6 0-33.9l96.4-96.4-96.4-96.4c-9.4-9.4-9.4-24.6 0-33.9L54.3 103c9.4-9.4 24.6-9.4 33.9 0l136 136c9.5 9.4 9.5 24.6.1 34z\"><\/path><\/svg><\/a><\/div>\t\t<\/div>\n\t\t\t\t<\/div>\n\t\t\t\t<\/div>\n\t\t\t\t\t<\/div>\n\t\t\t\t<\/div>\n\t\t<div class=\"elementor-element elementor-element-c56a68c e-flex e-con-boxed e-con e-parent\" data-id=\"c56a68c\" data-element_type=\"container\">\n\t\t\t\t\t<div class=\"e-con-inner\">\n\t\t<div class=\"elementor-element elementor-element-914ba7d e-con-full contect_iamge e-flex e-con e-child\" data-id=\"914ba7d\" data-element_type=\"container\" data-settings=\"{&quot;background_background&quot;:&quot;classic&quot;}\">\n\t\t\t\t<div class=\"elementor-element elementor-element-e835917 elementor-widget elementor-widget-heading\" data-id=\"e835917\" data-element_type=\"widget\" data-widget_type=\"heading.default\">\n\t\t\t\t<div class=\"elementor-widget-container\">\n\t\t\t<h2 class=\"elementor-heading-title elementor-size-default\">SUPORT M\u00d2BIL - WETFLOOR<\/h2>\t\t<\/div>\n\t\t\t\t<\/div>\n\t\t\t\t<div class=\"elementor-element elementor-element-f9a8510 elementor-align-center boton_over elementor-widget elementor-widget-the7_button_widget\" data-id=\"f9a8510\" data-element_type=\"widget\" data-widget_type=\"the7_button_widget.default\">\n\t\t\t\t<div class=\"elementor-widget-container\">\n\t\t\t<div class=\"elementor-button-wrapper\"><a href=\"https:\/\/www.signes.es\/ca\/senyalitzacio\/senyalitzacio-mobil-wetfloor\/\" class=\"box-button elementor-button elementor-size-md\">VEURE M\u00c9S<svg aria-hidden=\"true\" class=\"elementor-button-icon e-font-icon-svg e-fas-angle-right\" viewBox=\"0 0 256 512\" xmlns=\"http:\/\/www.w3.org\/2000\/svg\"><path d=\"M224.3 273l-136 136c-9.4 9.4-24.6 9.4-33.9 0l-22.6-22.6c-9.4-9.4-9.4-24.6 0-33.9l96.4-96.4-96.4-96.4c-9.4-9.4-9.4-24.6 0-33.9L54.3 103c9.4-9.4 24.6-9.4 33.9 0l136 136c9.5 9.4 9.5 24.6.1 34z\"><\/path><\/svg><\/a><\/div>\t\t<\/div>\n\t\t\t\t<\/div>\n\t\t\t\t<\/div>\n\t\t<div class=\"elementor-element elementor-element-b61a917 e-con-full contect_iamge e-flex e-con e-child\" data-id=\"b61a917\" data-element_type=\"container\">\n\t\t\t\t<div class=\"elementor-element elementor-element-1b778ff elementor-widget elementor-widget-heading\" data-id=\"1b778ff\" data-element_type=\"widget\" data-widget_type=\"heading.default\">\n\t\t\t\t<div class=\"elementor-widget-container\">\n\t\t\t<h2 class=\"elementor-heading-title elementor-size-default\"><a href=\"https:\/\/www.signes.es\/ca\/senyalitzacio\/senyalitzacio-digital\/\">SENYALITZACI\u00d3 DIGITAL<\/a><\/h2>\t\t<\/div>\n\t\t\t\t<\/div>\n\t\t\t\t<div class=\"elementor-element elementor-element-0cba034 elementor-align-center boton_over elementor-widget elementor-widget-the7_button_widget\" data-id=\"0cba034\" data-element_type=\"widget\" data-widget_type=\"the7_button_widget.default\">\n\t\t\t\t<div class=\"elementor-widget-container\">\n\t\t\t<div class=\"elementor-button-wrapper\"><a href=\"https:\/\/www.signes.es\/ca\/senyalitzacio\/senyalitzacio-digital\/\" class=\"box-button elementor-button elementor-size-md\">VEURE M\u00c9S<svg aria-hidden=\"true\" class=\"elementor-button-icon e-font-icon-svg e-fas-angle-right\" viewBox=\"0 0 256 512\" xmlns=\"http:\/\/www.w3.org\/2000\/svg\"><path d=\"M224.3 273l-136 136c-9.4 9.4-24.6 9.4-33.9 0l-22.6-22.6c-9.4-9.4-9.4-24.6 0-33.9l96.4-96.4-96.4-96.4c-9.4-9.4-9.4-24.6 0-33.9L54.3 103c9.4-9.4 24.6-9.4 33.9 0l136 136c9.5 9.4 9.5 24.6.1 34z\"><\/path><\/svg><\/a><\/div>\t\t<\/div>\n\t\t\t\t<\/div>\n\t\t\t\t<\/div>\n\t\t\t\t\t<\/div>\n\t\t\t\t<\/div>\n\t\t\t\t<\/div>\n\t\t","protected":false},"excerpt":{"rendered":"<p>Empresa de senyalitzaci\u00f3, la nostra experi\u00e8ncia ens avala Signes Imatge i Comunicaci\u00f3 \u00e9s una empresa especialista en implantaci\u00f3 d&#8217;imatge corporativa i senyalitzaci\u00f3, creada el 1982 per Llu\u00eds Mor\u00f3n. Des del comen\u00e7ament s&#8217;ha buscat una marcada diferenciaci\u00f3 amb les empreses de senyalitzaci\u00f3 i r\u00e8tols a l&#8217;\u00fas. Signes es va especialitzar i desenvolupar principalment en projectes relacionats&hellip;<\/p>\n","protected":false},"author":1,"featured_media":0,"parent":0,"menu_order":0,"comment_status":"closed","ping_status":"closed","template":"","meta":{"_acf_changed":false,"inline_featured_image":false,"footnotes":""},"class_list":["post-2585","page","type-page","status-publish","hentry"],"acf":[],"jetpack_sharing_enabled":true,"_links":{"self":[{"href":"https:\/\/www.signes.es\/ca\/wp-json\/wp\/v2\/pages\/2585","targetHints":{"allow":["GET"]}}],"collection":[{"href":"https:\/\/www.signes.es\/ca\/wp-json\/wp\/v2\/pages"}],"about":[{"href":"https:\/\/www.signes.es\/ca\/wp-json\/wp\/v2\/types\/page"}],"author":[{"embeddable":true,"href":"https:\/\/www.signes.es\/ca\/wp-json\/wp\/v2\/users\/1"}],"replies":[{"embeddable":true,"href":"https:\/\/www.signes.es\/ca\/wp-json\/wp\/v2\/comments?post=2585"}],"version-history":[{"count":6,"href":"https:\/\/www.signes.es\/ca\/wp-json\/wp\/v2\/pages\/2585\/revisions"}],"predecessor-version":[{"id":3027,"href":"https:\/\/www.signes.es\/ca\/wp-json\/wp\/v2\/pages\/2585\/revisions\/3027"}],"wp:attachment":[{"href":"https:\/\/www.signes.es\/ca\/wp-json\/wp\/v2\/media?parent=2585"}],"curies":[{"name":"wp","href":"https:\/\/api.w.org\/{rel}","templated":true}]}}