{"id":1912,"date":"2024-01-31T13:14:49","date_gmt":"2024-01-31T12:14:49","guid":{"rendered":"https:\/\/www.signes.es\/wayfinding-design\/"},"modified":"2024-03-18T08:47:24","modified_gmt":"2024-03-18T07:47:24","slug":"wayfinding-design","status":"publish","type":"page","link":"https:\/\/www.signes.es\/ca\/wayfinding-design\/","title":{"rendered":"WAYFINDING DESIGN"},"content":{"rendered":"\n<h2 class=\"wp-block-heading\">Wayfinding Design: Disseny de senyalitzaci\u00f3 des de l&#8217;experi\u00e8ncia<\/h2>\n\n<p>La senyalitzaci\u00f3 \u00e9s un sistema de comunicaci\u00f3 que respon a la necessitat de trobar-hi. Serveix per guiar-nos i recon\u00e8ixer un espai que desconeixem.<\/p>\n\n<p>La senyalitzaci\u00f3 transmet seguretat i facilita l\u00fas dun espai an\u00f2nim. Ha d&#8217;orientar i respondre totes les preguntes, transmetre confian\u00e7a i confortabilitat; anticipar-se a les vostres necessitats o dubtes ser\u00e0 la seva ra\u00f3 de ser, evitant la incertesa i el caos. Sembla l\u00f2gic comentar que la senyalitzaci\u00f3 \u201cpenja\u201d de la identitat corporativa de la pr\u00f2pia empresa, i ha d&#8217;aconseguir la millor resposta funcional possible al problema concret que cada programa de senyalitzaci\u00f3 planteja.<\/p>\n\n<p>El nostre departament de Wayfinding est\u00e0 especialitzat en la realitzaci\u00f3 de projectes de senyalitzaci\u00f3, lestudi de necessitats per a la senyalitzaci\u00f3 despais. Involucrats des de sempre amb el bon disseny, la nostra traject\u00f2ria i experi\u00e8ncia ens permeten desenvolupar qualsevol implantaci\u00f3 a partir de la imatge de marca del nostre client.<\/p>\n\n<figure class=\"wp-block-image\"><img decoding=\"async\" src=\"https:\/\/www.signes.es\/wp-content\/uploads\/2017\/03\/Neces-Hosp.Alvarez-Buylla.png\" alt=\"Wayfinding Desing\" title=\"Neces-Hosp.Alvarez-Buylla\"\/><\/figure>\n\n<p>Els nostres dissenyadors i t\u00e8cnics en senyalitzaci\u00f3 realitzen un estudi de necessitats detallat de cada edifici o instal\u00b7laci\u00f3, definint i desenvolupant totes les necessitats del projecte: estudi de fluxos i circulacions; definici\u00f3 de tipologies i necessitats de senyalitzaci\u00f3 (quins models d&#8217;elements s\u00f3n necessaris per al projecte i les seves ubicacions) i definici\u00f3 de continguts.<\/p>\n\n<p>A nivell de disseny gr\u00e0fic, el projecte recollir\u00e0 els trets, la tend\u00e8ncia o les caracter\u00edstiques crom\u00e0tiques corporatives del client, aix\u00ed com a nivell industrial s&#8217;adaptar\u00e0 a l&#8217;entorn, l&#8217;arquitectura o l&#8217;interiorisme, cercant les millors respostes en materials i acabats, i sempre tenint present que la implantaci\u00f3 ha de complir la funci\u00f3 i tenir un cost raonable.<\/p>\n\n<p>Un cop definits els punts anteriors, realitzem el disseny industrial de cadascun dels elements. A l&#8217;elecci\u00f3 de materials, acabats, estructures, formes d&#8217;il\u00b7luminaci\u00f3, sistema d&#8217;acoblament de peces, fixaci\u00f3 i ancoratge, m\u00e8todes de fabricaci\u00f3 i d&#8217;aplicaci\u00f3 de gr\u00e0fiques, hi ha la clau d&#8217;aquesta fase del projecte.<\/p>\n\n<p>\u00c9s molt important prestar una atenci\u00f3 especial als petits detalls i als acabats, ja que s\u00f3n els factors determinants d&#8217;un bon projecte.<\/p>\n\n<p>I finalment, si el client ho requereix, es duen a terme les fases de documentaci\u00f3 per a la producci\u00f3 (realitzaci\u00f3 d&#8217;arts finals) i els criteris de muntatge. L&#8217;experi\u00e8ncia acumulada durant m\u00e9s de tres d\u00e8cades en petits, mitjans i grans projectes ens permet afirmar que disposem de les persones i equips adequats per afrontar aquesta important tasca de consultoria amb immediatesa absoluta.<\/p>\n\n<figure class=\"wp-block-embed is-type-video is-provider-youtube wp-block-embed-youtube wp-embed-aspect-16-9 wp-has-aspect-ratio\"><div class=\"wp-block-embed__wrapper\">\n<iframe title=\"SIGNES POR DEFINICI\u00d3N\" width=\"1200\" height=\"675\" src=\"https:\/\/www.youtube.com\/embed\/4LoQ7JrZyoo?feature=oembed\" frameborder=\"0\" allow=\"accelerometer; autoplay; clipboard-write; encrypted-media; gyroscope; picture-in-picture; web-share\" allowfullscreen><\/iframe>\n<\/div><\/figure>\n","protected":false},"excerpt":{"rendered":"<p>Wayfinding Design: Disseny de senyalitzaci\u00f3 des de l&#8217;experi\u00e8ncia La senyalitzaci\u00f3 \u00e9s un sistema de comunicaci\u00f3 que respon a la necessitat de trobar-hi. Serveix per guiar-nos i recon\u00e8ixer un espai que desconeixem. La senyalitzaci\u00f3 transmet seguretat i facilita l\u00fas dun espai an\u00f2nim. Ha d&#8217;orientar i respondre totes les preguntes, transmetre confian\u00e7a i confortabilitat; anticipar-se a les&hellip;<\/p>\n","protected":false},"author":1,"featured_media":0,"parent":0,"menu_order":0,"comment_status":"closed","ping_status":"closed","template":"","meta":{"_acf_changed":false,"inline_featured_image":false,"footnotes":""},"class_list":["post-1912","page","type-page","status-publish","hentry"],"acf":[],"jetpack_sharing_enabled":true,"_links":{"self":[{"href":"https:\/\/www.signes.es\/ca\/wp-json\/wp\/v2\/pages\/1912","targetHints":{"allow":["GET"]}}],"collection":[{"href":"https:\/\/www.signes.es\/ca\/wp-json\/wp\/v2\/pages"}],"about":[{"href":"https:\/\/www.signes.es\/ca\/wp-json\/wp\/v2\/types\/page"}],"author":[{"embeddable":true,"href":"https:\/\/www.signes.es\/ca\/wp-json\/wp\/v2\/users\/1"}],"replies":[{"embeddable":true,"href":"https:\/\/www.signes.es\/ca\/wp-json\/wp\/v2\/comments?post=1912"}],"version-history":[{"count":1,"href":"https:\/\/www.signes.es\/ca\/wp-json\/wp\/v2\/pages\/1912\/revisions"}],"predecessor-version":[{"id":1916,"href":"https:\/\/www.signes.es\/ca\/wp-json\/wp\/v2\/pages\/1912\/revisions\/1916"}],"wp:attachment":[{"href":"https:\/\/www.signes.es\/ca\/wp-json\/wp\/v2\/media?parent=1912"}],"curies":[{"name":"wp","href":"https:\/\/api.w.org\/{rel}","templated":true}]}}