{"id":1890,"date":"2024-02-06T17:34:54","date_gmt":"2024-02-06T16:34:54","guid":{"rendered":"https:\/\/www.signes.es\/nosaltres\/politica-dempresa\/"},"modified":"2024-04-18T14:29:25","modified_gmt":"2024-04-18T12:29:25","slug":"politica-dempresa","status":"publish","type":"page","link":"https:\/\/www.signes.es\/ca\/nosaltres\/politica-dempresa\/","title":{"rendered":"Pol\u00edtica d&#8217;empresa"},"content":{"rendered":"\t\t<div data-elementor-type=\"wp-page\" data-elementor-id=\"1890\" class=\"elementor elementor-1890 elementor-487\" data-elementor-post-type=\"page\">\n\t\t\t\t<div class=\"elementor-element elementor-element-1d08b8c e-flex e-con-boxed e-con e-parent\" data-id=\"1d08b8c\" data-element_type=\"container\">\n\t\t\t\t\t<div class=\"e-con-inner\">\n\t\t<div class=\"elementor-element elementor-element-7abfa7d e-con-full e-flex e-con e-child\" data-id=\"7abfa7d\" data-element_type=\"container\">\n\t\t\t\t<div class=\"elementor-element elementor-element-c9e23d1 elementor-widget elementor-widget-heading\" data-id=\"c9e23d1\" data-element_type=\"widget\" data-widget_type=\"heading.default\">\n\t\t\t\t<div class=\"elementor-widget-container\">\n\t\t\t<h2 class=\"elementor-heading-title elementor-size-default\">Pol\u00edtica d'empresa<\/h2>\t\t<\/div>\n\t\t\t\t<\/div>\n\t\t\t\t<div class=\"elementor-element elementor-element-833a9e1 elementor-widget elementor-widget-text-editor\" data-id=\"833a9e1\" data-element_type=\"widget\" data-widget_type=\"text-editor.default\">\n\t\t\t\t<div class=\"elementor-widget-container\">\n\t\t\t\t\t\t\t<p>L&#8217;estrat\u00e8gia de SIGNES t\u00e9 un objectiu clar: millorar constantment per obtenir la m\u00e0xima satisfacci\u00f3 dels nostres clients.<\/p>\n<p>Est\u00e0 basada en l&#8217;estudi i l&#8217;an\u00e0lisi del context, la informaci\u00f3 del mercat, les parts interessades (clients, els clients dels nostres clients, partners i personal), aix\u00ed com els riscos i les oportunitats. Es controla mitjan\u00e7ant objectius que permetin la seva viabilitat i creixement.<\/p>\n<p>Tenim aplicat un sistema de gesti\u00f3 de qualitat i medi ambient integrat, basat en les normes internacionals ISO 9001:2015 i ISO 14001:2015. Busquem l&#8217;excel\u00b7l\u00e8ncia del nostre treball, basant-nos en els requisits de les normes esmentades i el compliment dels objectius.<\/p>\n\t\t\t\t\t\t<\/div>\n\t\t\t\t<\/div>\n\t\t\t\t<\/div>\n\t\t<div class=\"elementor-element elementor-element-d6da8d6 e-con-full e-flex e-con e-child\" data-id=\"d6da8d6\" data-element_type=\"container\">\n\t\t\t\t<\/div>\n\t\t\t\t\t<\/div>\n\t\t\t\t<\/div>\n\t\t<div class=\"elementor-element elementor-element-164afb1 e-flex e-con-boxed e-con e-parent\" data-id=\"164afb1\" data-element_type=\"container\" data-settings=\"{&quot;background_background&quot;:&quot;classic&quot;}\">\n\t\t\t\t\t<div class=\"e-con-inner\">\n\t\t<div class=\"elementor-element elementor-element-864b41d e-flex e-con-boxed e-con e-child\" data-id=\"864b41d\" data-element_type=\"container\">\n\t\t\t\t\t<div class=\"e-con-inner\">\n\t\t\t\t<div class=\"elementor-element elementor-element-383eeda elementor-widget elementor-widget-text-editor\" data-id=\"383eeda\" data-element_type=\"widget\" data-widget_type=\"text-editor.default\">\n\t\t\t\t<div class=\"elementor-widget-container\">\n\t\t\t\t\t\t\t<p>Per aix\u00f2 ens basem en els principis seg\u00fcents:<\/p>\n<\/p>\n<p style=\"padding-left: 40px;\"><strong><span style=\"color: #1c3255;\">Honestedat. Valors \u00e8tics<\/span><\/strong><\/p>\n<p style=\"padding-left: 40px;\">Tenim un rotund comprom\u00eds \u00e8tic amb els nostres clients. No entenem la confian\u00e7a que ells dipositen en nosaltres com una mera transacci\u00f3 comercial. Si obtenim la vostra confian\u00e7a per sobre de la dels nostres competidors, el nostre comprom\u00eds amb l&#8217;acord contret ha de tenir una disposici\u00f3 \u00e8tica inq\u00fcestionable.<\/p>\n<p style=\"padding-left: 40px;\"><span style=\"color: #1c3255;\"><strong>Experi\u00e8ncia. Anar al davant<\/strong><\/span><\/p>\n<p style=\"padding-left: 40px;\">SIGNES t\u00e9 una llarga experi\u00e8ncia -des del 1982-, guardonada amb el Premi Nacional de Disseny. Aquesta particularitat \u2013que confirma la nostra maduresa i mestratge\u2013 ens obliga a ser l\u00edders del nostre sector ia avan\u00e7ar-nos amb rigor a les necessitats dels nostres clients, proposar millores i solucions creatives abans que el propi client intueixi la seva necessitat.<\/p>\n<p style=\"padding-left: 40px;\"><strong><span style=\"color: #1c3255;\">Servei al client<\/span><\/strong><\/p>\n<p style=\"padding-left: 40px;\">A SIGNES basem el servei al client amb l\u00b4\u00fanica premissa de l\u00b4excel\u00b7l\u00e8ncia empresarial. L&#8217;agilitat, el rigor i la rapidesa en desenvolupar un projecte, fabricar una pe\u00e7a o resoldre una incid\u00e8ncia, ser\u00e0 un valor diferencial sobre els nostres competidors. Servei al client<\/p>\n<p style=\"padding-left: 40px;\"><strong><span style=\"color: #1c3255;\">La import\u00e0ncia de la imatge<\/span><\/strong><\/p>\n<p style=\"padding-left: 40px;\">Des de la nostra fundaci\u00f3, a SIGNES assumim la nostra imatge com una estrat\u00e8gia que va m\u00e9s enll\u00e0 del terreny de la gr\u00e0fica, la comunicaci\u00f3 visual i la publicitat, cobrint la pr\u00e0ctica totalitat dels mitjans de l&#8217;activitat empresarial. I aix\u00f2 volem transmetre-ho als nostres clients a cada feina.<\/p>\n<p style=\"padding-left: 40px;\"><span style=\"color: #1c3255;\"><strong>Comprom\u00eds amb el Medi Ambient<\/strong><\/span><\/p>\n<p style=\"padding-left: 40px;\">Tenim un comprom\u00eds ferm en la nostra manera de fer per contribuir a la protecci\u00f3 del medi ambient i la prevenci\u00f3 de la contaminaci\u00f3. El nostre objectiu \u00e9s minimitzar i evitar, en la mesura que sigui possible, els impactes ambientals de la nostra activitat.<\/p>\n\t\t\t\t\t\t<\/div>\n\t\t\t\t<\/div>\n\t\t\t\t\t<\/div>\n\t\t\t\t<\/div>\n\t\t<div class=\"elementor-element elementor-element-e1361ee e-con-full elementor-hidden-tablet elementor-hidden-mobile e-flex e-con e-child\" data-id=\"e1361ee\" data-element_type=\"container\">\n\t\t\t\t<\/div>\n\t\t\t\t\t<\/div>\n\t\t\t\t<\/div>\n\t\t<div class=\"elementor-element elementor-element-6ea6d38 e-flex e-con-boxed e-con e-parent\" data-id=\"6ea6d38\" data-element_type=\"container\">\n\t\t\t\t\t<div class=\"e-con-inner\">\n\t\t<div class=\"elementor-element elementor-element-d63b3b7 e-flex e-con-boxed e-con e-child\" data-id=\"d63b3b7\" data-element_type=\"container\">\n\t\t\t\t\t<div class=\"e-con-inner\">\n\t\t\t\t<div class=\"elementor-element elementor-element-5a7bcda elementor-widget elementor-widget-text-editor\" data-id=\"5a7bcda\" data-element_type=\"widget\" data-widget_type=\"text-editor.default\">\n\t\t\t\t<div class=\"elementor-widget-container\">\n\t\t\t\t\t\t\t<p>A SIGNES sempre hem volgut anar m\u00e9s enll\u00e0 del compliment estricte de la legislaci\u00f3. Assumim les pol\u00edtiques de la Responsabilitat Social Empresarial (RSE), com a contribuci\u00f3 activa i volunt\u00e0ria a la millora social, econ\u00f2mica i ambiental, aix\u00ed com els deu principis del Pacte Mundial de les Nacions Unides. Aquesta pol\u00edtica permetr\u00e0 a l&#8217;empresa mantenir un nivell de negoci suficient per generar els recursos que n&#8217;assegurin la competitivitat en el mercat futur. Tant la pol\u00edtica com els objectius de Qualitat i Medi Ambient estan documentats i comunicats a tots els empleats, ia disposici\u00f3 del p\u00fablic que ho sol\u00b7liciti.<\/p>\n<p>Novembre 2017<\/p>\n\t\t\t\t\t\t<\/div>\n\t\t\t\t<\/div>\n\t\t\t\t\t<\/div>\n\t\t\t\t<\/div>\n\t\t<div class=\"elementor-element elementor-element-2afdc52 e-con-full elementor-hidden-tablet elementor-hidden-mobile e-flex e-con e-child\" data-id=\"2afdc52\" data-element_type=\"container\">\n\t\t\t\t<\/div>\n\t\t\t\t\t<\/div>\n\t\t\t\t<\/div>\n\t\t\t\t<\/div>\n\t\t","protected":false},"excerpt":{"rendered":"<p>Pol\u00edtica d&#8217;empresa L&#8217;estrat\u00e8gia de SIGNES t\u00e9 un objectiu clar: millorar constantment per obtenir la m\u00e0xima satisfacci\u00f3 dels nostres clients. Est\u00e0 basada en l&#8217;estudi i l&#8217;an\u00e0lisi del context, la informaci\u00f3 del mercat, les parts interessades (clients, els clients dels nostres clients, partners i personal), aix\u00ed com els riscos i les oportunitats. Es controla mitjan\u00e7ant objectius que&hellip;<\/p>\n","protected":false},"author":1,"featured_media":0,"parent":1684,"menu_order":0,"comment_status":"closed","ping_status":"closed","template":"elementor_header_footer","meta":{"_acf_changed":false,"inline_featured_image":false,"footnotes":""},"class_list":["post-1890","page","type-page","status-publish","hentry"],"acf":[],"jetpack_sharing_enabled":true,"_links":{"self":[{"href":"https:\/\/www.signes.es\/ca\/wp-json\/wp\/v2\/pages\/1890","targetHints":{"allow":["GET"]}}],"collection":[{"href":"https:\/\/www.signes.es\/ca\/wp-json\/wp\/v2\/pages"}],"about":[{"href":"https:\/\/www.signes.es\/ca\/wp-json\/wp\/v2\/types\/page"}],"author":[{"embeddable":true,"href":"https:\/\/www.signes.es\/ca\/wp-json\/wp\/v2\/users\/1"}],"replies":[{"embeddable":true,"href":"https:\/\/www.signes.es\/ca\/wp-json\/wp\/v2\/comments?post=1890"}],"version-history":[{"count":4,"href":"https:\/\/www.signes.es\/ca\/wp-json\/wp\/v2\/pages\/1890\/revisions"}],"predecessor-version":[{"id":2946,"href":"https:\/\/www.signes.es\/ca\/wp-json\/wp\/v2\/pages\/1890\/revisions\/2946"}],"up":[{"embeddable":true,"href":"https:\/\/www.signes.es\/ca\/wp-json\/wp\/v2\/pages\/1684"}],"wp:attachment":[{"href":"https:\/\/www.signes.es\/ca\/wp-json\/wp\/v2\/media?parent=1890"}],"curies":[{"name":"wp","href":"https:\/\/api.w.org\/{rel}","templated":true}]}}