{"id":1828,"date":"2024-02-11T12:18:10","date_gmt":"2024-02-11T11:18:10","guid":{"rendered":"https:\/\/www.signes.es\/senyalitzacio-turistica\/"},"modified":"2024-03-18T08:47:19","modified_gmt":"2024-03-18T07:47:19","slug":"senyalitzacio-turistica","status":"publish","type":"page","link":"https:\/\/www.signes.es\/ca\/senyalitzacio\/senyalitzacio-turistica\/","title":{"rendered":"Senyalitzaci\u00f3 tur\u00edstica"},"content":{"rendered":"\n<h2 class=\"wp-block-heading\">Solucions multiling\u00fces per a cada projecte de senyalitzaci\u00f3 tur\u00edstica<\/h2>\n\n<p>El turisme \u00e9s un sector molt important a l&#8217;economia mundial. El visitant de zones tur\u00edstiques (ciutats o pobles, espais naturals, platges, recorreguts a la natura, etc) generalment no disposa de l&#8217;experi\u00e8ncia i el coneixement de l&#8217;entorn, ja que no est\u00e0 habituat a priori amb l&#8217;espai.<\/p>\n\n<p>El desenvolupament dun projecte de disseny de la senyalitzaci\u00f3 tur\u00edstica ha de solucionar aquestes mancances, proposant empla\u00e7aments correctes i tota la informaci\u00f3 necess\u00e0ria: elements informatius; pl\u00e0nols d&#8217;ubicaci\u00f3 de l&#8217;usuari a la zona, on apareguin les destinacions m\u00e9s rellevants; r\u00e8tols direccionals que gui\u00efn els usuaris pels diferents recorreguts; elements posicionals amb explicacions de la destinaci\u00f3, etc.<\/p>\n\n<p>L&#8217;estudi de necessitats d&#8217;un projecte tur\u00edstic s&#8217;ha d&#8217;emprendre des de l&#8217;inici amb la percepci\u00f3 que el visitant no disposa de cap refer\u00e8ncia ni visual ni de nomenclatura existent, per aix\u00f2 el projecte ser\u00e0 molt intu\u00eftiu i f\u00e0cil de comprendre per poder arribar al m\u00e0xim persones que estan descobrint un nou espai.<\/p>\n\n<figure class=\"wp-block-image\"><img decoding=\"async\" src=\"https:\/\/www.signes.es\/wp-content\/uploads\/2017\/03\/Cartagena-PC-Direcc-18-1.jpg\" alt=\"\" title=\"Cartagena-PC-Direcc-18\"\/><\/figure>\n\n<p>El repte \u00e9s facilitar la millor entesa de la senyalitzaci\u00f3 i la localitzaci\u00f3 de destinacions. La part industrial tamb\u00e9 s&#8217;ha d&#8217;adaptar a cada entorn, amb especial cura a l&#8217;ergonomia i disseny de cada element, sempre respectu\u00f3s amb l&#8217;entorn.<\/p>\n\n<p>Els materials exposats a les inclem\u00e8ncies del temps o propers al mar han de ser tractats amb la m\u00e0xima qualitat en la seva fabricaci\u00f3 i acabats, per evitar el seu r\u00e0pid deteriorament o manteniment excessiu. La il\u00b7luminaci\u00f3 dels suports s&#8217;ha d&#8217;ajustar de la mateixa manera pensant en aquests mateixos par\u00e0metres de durabilitat i de f\u00e0cil manteniment.<\/p>\n\n<p>Cal cercar solucions tipogr\u00e0fiques adequades, pictogrames per a cada exig\u00e8ncia, i respostes crom\u00e0tiques apropiades que permetin i ajudin a visualitzar correctament els grafismes i continguts de cada senyal.<\/p>\n\n<p>L&#8217;\u00fas de pictogrames internacionals \u00e9s important en aquest tipus de projectes. El seu f\u00e0cil reconeixement facilitar\u00e0 una millor observaci\u00f3 i entesa a trav\u00e9s de registres recognoscibles, i permetr\u00e0 una r\u00e0pida localitzaci\u00f3 de les destinacions tur\u00edstiques.<\/p>\n","protected":false},"excerpt":{"rendered":"<p>Solucions multiling\u00fces per a cada projecte de senyalitzaci\u00f3 tur\u00edstica El turisme \u00e9s un sector molt important a l&#8217;economia mundial. El visitant de zones tur\u00edstiques (ciutats o pobles, espais naturals, platges, recorreguts a la natura, etc) generalment no disposa de l&#8217;experi\u00e8ncia i el coneixement de l&#8217;entorn, ja que no est\u00e0 habituat a priori amb l&#8217;espai. El&hellip;<\/p>\n","protected":false},"author":1,"featured_media":0,"parent":2585,"menu_order":0,"comment_status":"closed","ping_status":"closed","template":"","meta":{"_acf_changed":false,"inline_featured_image":false,"footnotes":""},"class_list":["post-1828","page","type-page","status-publish","hentry","description-off"],"acf":[],"jetpack_sharing_enabled":true,"_links":{"self":[{"href":"https:\/\/www.signes.es\/ca\/wp-json\/wp\/v2\/pages\/1828","targetHints":{"allow":["GET"]}}],"collection":[{"href":"https:\/\/www.signes.es\/ca\/wp-json\/wp\/v2\/pages"}],"about":[{"href":"https:\/\/www.signes.es\/ca\/wp-json\/wp\/v2\/types\/page"}],"author":[{"embeddable":true,"href":"https:\/\/www.signes.es\/ca\/wp-json\/wp\/v2\/users\/1"}],"replies":[{"embeddable":true,"href":"https:\/\/www.signes.es\/ca\/wp-json\/wp\/v2\/comments?post=1828"}],"version-history":[{"count":1,"href":"https:\/\/www.signes.es\/ca\/wp-json\/wp\/v2\/pages\/1828\/revisions"}],"predecessor-version":[{"id":1831,"href":"https:\/\/www.signes.es\/ca\/wp-json\/wp\/v2\/pages\/1828\/revisions\/1831"}],"up":[{"embeddable":true,"href":"https:\/\/www.signes.es\/ca\/wp-json\/wp\/v2\/pages\/2585"}],"wp:attachment":[{"href":"https:\/\/www.signes.es\/ca\/wp-json\/wp\/v2\/media?parent=1828"}],"curies":[{"name":"wp","href":"https:\/\/api.w.org\/{rel}","templated":true}]}}