{"id":1823,"date":"2024-02-11T12:25:07","date_gmt":"2024-02-11T11:25:07","guid":{"rendered":"https:\/\/www.signes.es\/senyalitzacio-interior\/"},"modified":"2024-03-18T08:47:19","modified_gmt":"2024-03-18T07:47:19","slug":"senyalitzacio-interior","status":"publish","type":"page","link":"https:\/\/www.signes.es\/ca\/senyalitzacio\/senyalitzacio-interior\/","title":{"rendered":"Senyalitzaci\u00f3 Interior"},"content":{"rendered":"\n<h2 class=\"wp-block-heading\">El m\u00ednim per comunicar el m\u00e0xim<\/h2>\n\n<p>Senyalitzar lespai interior dun edifici, una corporaci\u00f3 o un centre comercial, t\u00e9 una premissa fonamental: minimitzar limpacte visual de la senyalitzaci\u00f3. La hip\u00f2tesi \u201cmenys \u00e9s m\u00e9s\u201d, en aquest cas \u00e9s imprescindible.<\/p>\n\n<p>S&#8217;hauran de determinar el m\u00ednim d&#8217;unitats de r\u00e8tols necessaris per resoldre el problema que planteja localitzar el nostre dest\u00ed i identificar-lo en un espai que no se sap a priori. La senyalitzaci\u00f3 no s&#8217;ha de veure, no s&#8217;ha de notar i nom\u00e9s ha de ser-hi present quan es busca perqu\u00e8 es necessita per poder orientar-nos.<\/p>\n\n<p>El segon repte \u00e9s adequar el disseny a l&#8217;interiorisme existent, unint materials i acabats als quals el projecte ja posseeix. \u00c9s imprescindible con\u00e8ixer el projecte arquitect\u00f2nic i el disseny d&#8217;interiors, perqu\u00e8 la senyalitzaci\u00f3 no molesti i en canvi s&#8217;incorpori i sumi al projecte general. Els materials i acabats a utilitzar han de ser coherents i estar relacionats amb els ja existents.<\/p>\n\n<p>La senyalitzaci\u00f3 interior ha de contemplar els trets singulars didentitat visual de la companyia que requereix els nostres serveis. Els grafismes, les solucions crom\u00e0tiques o tipogr\u00e0fiques s&#8217;identificaran com a pr\u00f2pies de la identitat corporativa del nostre client. La nostra experi\u00e8ncia inclou centenars d&#8217;edificis corporatius, oficines, hospitals, hotels, centres comercials, estacions de trens de l&#8217;AVE, aeroports, etc\u00e8tera. Tots els projectes els treballem amb dissenys ad hoc per aconseguir un resultat satisfactori a cada cas.<\/p>\n\n<figure class=\"wp-block-image\"><img decoding=\"async\" src=\"https:\/\/www.signes.es\/wp-content\/uploads\/2017\/03\/UB-Fac.Medicina-Dir-techo-8.jpg\" alt=\"Senyalitzaci&#xF3; Interior\" title=\"UB-Fac.Medicina-Dir-sostre-8\"\/><\/figure>\n\n<p>A Signes hem desenvolupat i dissenyat (juntament amb l&#8217;Institut Catal\u00e0 de Teconologia) el sistema modular SIS de senyalitzaci\u00f3 interior, fabricat amb lamel\u00b7les d&#8217;alumini extrusionat. \u00c9s una soluci\u00f3 industrial funcional i econ\u00f2mica, que soluciona projectes urgents de fabricaci\u00f3 immediata.<\/p>\n\n<p>Les lamel\u00b7les del darrere queden reculades, donant la sensaci\u00f3 que els r\u00e8tols \u201cfloten\u201d sobre la paret. Una soluci\u00f3 de car\u00e0cter vers\u00e0til i de qualitat, a preus competitius.<\/p>\n\n<p>Fa un temps pensem que la nostra empresa podia aportar alguna cosa m\u00e9s que la part industrial en la millora dels problemes de senyalitzaci\u00f3. Ens atrevim amb all\u00f2 m\u00e9s dif\u00edcil, la tipografia, perqu\u00e8 \u00e9s essencial en qualsevol projecte gr\u00e0fic. Amb Andreu Balius, un dels experts m\u00e9s reconeguts en la mat\u00e8ria, hem desenvolupat una fam\u00edlia tipogr\u00e0fica especialment dissenyada en projectes de senyalitzaci\u00f3. Es diu DSIGNES, t\u00e9 tres declinacions \u2013 Light, Regular i Bold \u2013 i estem molt feli\u00e7os de poder oferir-la al col\u00b7lectiu de dissenyadors i arquitectes perqu\u00e8 en facin bon \u00fas.<\/p>\n\n<p>\u00c9s gratu\u00efta i es pot sol\u00b7licitar a latipodsignes@signes.es.<\/p>\n","protected":false},"excerpt":{"rendered":"<p>El m\u00ednim per comunicar el m\u00e0xim Senyalitzar lespai interior dun edifici, una corporaci\u00f3 o un centre comercial, t\u00e9 una premissa fonamental: minimitzar limpacte visual de la senyalitzaci\u00f3. La hip\u00f2tesi \u201cmenys \u00e9s m\u00e9s\u201d, en aquest cas \u00e9s imprescindible. S&#8217;hauran de determinar el m\u00ednim d&#8217;unitats de r\u00e8tols necessaris per resoldre el problema que planteja localitzar el nostre&hellip;<\/p>\n","protected":false},"author":1,"featured_media":0,"parent":2585,"menu_order":0,"comment_status":"closed","ping_status":"closed","template":"","meta":{"_acf_changed":false,"inline_featured_image":false,"footnotes":""},"class_list":["post-1823","page","type-page","status-publish","hentry","description-off"],"acf":[],"jetpack_sharing_enabled":true,"_links":{"self":[{"href":"https:\/\/www.signes.es\/ca\/wp-json\/wp\/v2\/pages\/1823","targetHints":{"allow":["GET"]}}],"collection":[{"href":"https:\/\/www.signes.es\/ca\/wp-json\/wp\/v2\/pages"}],"about":[{"href":"https:\/\/www.signes.es\/ca\/wp-json\/wp\/v2\/types\/page"}],"author":[{"embeddable":true,"href":"https:\/\/www.signes.es\/ca\/wp-json\/wp\/v2\/users\/1"}],"replies":[{"embeddable":true,"href":"https:\/\/www.signes.es\/ca\/wp-json\/wp\/v2\/comments?post=1823"}],"version-history":[{"count":1,"href":"https:\/\/www.signes.es\/ca\/wp-json\/wp\/v2\/pages\/1823\/revisions"}],"predecessor-version":[{"id":1826,"href":"https:\/\/www.signes.es\/ca\/wp-json\/wp\/v2\/pages\/1823\/revisions\/1826"}],"up":[{"embeddable":true,"href":"https:\/\/www.signes.es\/ca\/wp-json\/wp\/v2\/pages\/2585"}],"wp:attachment":[{"href":"https:\/\/www.signes.es\/ca\/wp-json\/wp\/v2\/media?parent=1823"}],"curies":[{"name":"wp","href":"https:\/\/api.w.org\/{rel}","templated":true}]}}