{"id":1819,"date":"2024-02-11T12:22:41","date_gmt":"2024-02-11T11:22:41","guid":{"rendered":"https:\/\/www.signes.es\/senyalitzacio-urbana\/"},"modified":"2024-03-18T08:47:19","modified_gmt":"2024-03-18T07:47:19","slug":"senyalitzacio-urbana","status":"publish","type":"page","link":"https:\/\/www.signes.es\/ca\/senyalitzacio\/senyalitzacio-urbana\/","title":{"rendered":"Senyalitzaci\u00f3 urbana"},"content":{"rendered":"\n<h2 class=\"wp-block-heading\">Senyalitzaci\u00f3 a la ciutat per informar el ciutad\u00e0<\/h2>\n\n<p>Ajuntaments, Governs, Institucions i Corporacions culturals sol\u00b7liciten els nostres serveis per desenvolupar projectes de senyalitzaci\u00f3 espec\u00edfics per a les zones urbanes.<\/p>\n\n<p>L&#8217;espai p\u00fablic permet crear circuits que facilitin l&#8217;acc\u00e9s a museus, llocs hist\u00f2rics, circuits culturals, esportius, etc. i qualsevol altra necessitat que requereixi una localitzaci\u00f3 de zones o edificis concrets. Tot aix\u00f2 redunda en la millora de la imatge de marca de les institucions compromeses al projecte, i ajuda i facilita la comprensi\u00f3 a l&#8217;usuari en espais que desconeix. En definitiva, s&#8217;afavoreix la imatge de la ciutat i, sobretot, millora el servei al ciutad\u00e0.<\/p>\n\n<p>Una bona senyalitzaci\u00f3 urbana \u00e9s una tasca complexa. Complir\u00e0 l&#8217;objectiu d&#8217;aquestes necessitats associant-hi la identitat de la ciutat i desenvolupant un programa de senyalitzaci\u00f3 espec\u00edfic que reculli totes les exig\u00e8ncies dels usuaris. \u00c9s important analitzar el flux i les circulacions existents per reconduir, si cal, els visitants evitant aglomeracions innecess\u00e0ries i resolent en paral\u00b7lel un problema de seguretat.<\/p>\n\n<figure class=\"wp-block-image\"><img decoding=\"async\" src=\"https:\/\/www.signes.es\/wp-content\/uploads\/2017\/03\/Aj.L_H-3-Totem-6-e1509026266535.jpg\" alt=\"Senyalitzaci&#xF3; Urbana\" title=\"Aj.L_H-3-Totem-6\"\/><\/figure>\n\n<p>L&#8217;atomitzaci\u00f3 actual de les grans ciutats, amb una gran quantitat d&#8217;elements disposats a la via p\u00fablica (mobiliari urb\u00e0, fanals, papereres, quioscs, sem\u00e0fors, etc.), requereix un treball de camp realitzat pels nostres especialistes in situ. Els nous elements de senyalitzaci\u00f3 s&#8217;integraran a la fam\u00edlia de mobiliari urb\u00e0 existent i s&#8217;hauran d&#8217;analitzar ergon\u00f2micament per no afegir caos i pol\u00b7lucionar visualment l&#8217;entorn.<\/p>\n\n<p>La senyalitzaci\u00f3 din\u00e0mica en alguns projectes concrets solucionar\u00e0 els canvis i imprevistos d&#8217;\u00faltima hora, creant nous circuits i necessitats, facilitant informaci\u00f3 d&#8217;horaris i preus canviants, modificant immediatament missatges i informacions rellevants i podr\u00e0 desenvolupar un programari espec\u00edfic ia mida de cada cas.<\/p>\n\n<p>I un darrer punt a tenir en compte en la senyalitzaci\u00f3 urbana \u00e9s la resist\u00e8ncia a la intemp\u00e8rie i, sobretot, al vandalisme. Malauradament aquest darrer punt \u00e9s un dels factors que m\u00e9s influeixen en el correcte manteniment dels r\u00e8tols en un entorn urb\u00e0. Cal utilitzar sempre materials i acabats de gran resist\u00e8ncia i f\u00e0cil neteja.<\/p>\n","protected":false},"excerpt":{"rendered":"<p>Senyalitzaci\u00f3 a la ciutat per informar el ciutad\u00e0 Ajuntaments, Governs, Institucions i Corporacions culturals sol\u00b7liciten els nostres serveis per desenvolupar projectes de senyalitzaci\u00f3 espec\u00edfics per a les zones urbanes. L&#8217;espai p\u00fablic permet crear circuits que facilitin l&#8217;acc\u00e9s a museus, llocs hist\u00f2rics, circuits culturals, esportius, etc. i qualsevol altra necessitat que requereixi una localitzaci\u00f3 de zones&hellip;<\/p>\n","protected":false},"author":1,"featured_media":0,"parent":2585,"menu_order":0,"comment_status":"closed","ping_status":"closed","template":"","meta":{"_acf_changed":false,"inline_featured_image":false,"footnotes":""},"class_list":["post-1819","page","type-page","status-publish","hentry","description-off"],"acf":[],"jetpack_sharing_enabled":true,"_links":{"self":[{"href":"https:\/\/www.signes.es\/ca\/wp-json\/wp\/v2\/pages\/1819","targetHints":{"allow":["GET"]}}],"collection":[{"href":"https:\/\/www.signes.es\/ca\/wp-json\/wp\/v2\/pages"}],"about":[{"href":"https:\/\/www.signes.es\/ca\/wp-json\/wp\/v2\/types\/page"}],"author":[{"embeddable":true,"href":"https:\/\/www.signes.es\/ca\/wp-json\/wp\/v2\/users\/1"}],"replies":[{"embeddable":true,"href":"https:\/\/www.signes.es\/ca\/wp-json\/wp\/v2\/comments?post=1819"}],"version-history":[{"count":1,"href":"https:\/\/www.signes.es\/ca\/wp-json\/wp\/v2\/pages\/1819\/revisions"}],"predecessor-version":[{"id":1822,"href":"https:\/\/www.signes.es\/ca\/wp-json\/wp\/v2\/pages\/1819\/revisions\/1822"}],"up":[{"embeddable":true,"href":"https:\/\/www.signes.es\/ca\/wp-json\/wp\/v2\/pages\/2585"}],"wp:attachment":[{"href":"https:\/\/www.signes.es\/ca\/wp-json\/wp\/v2\/media?parent=1819"}],"curies":[{"name":"wp","href":"https:\/\/api.w.org\/{rel}","templated":true}]}}