{"id":1808,"date":"2024-02-11T12:21:33","date_gmt":"2024-02-11T11:21:33","guid":{"rendered":"https:\/\/www.signes.es\/senyalitzacio-de-parquing\/"},"modified":"2024-03-18T08:47:19","modified_gmt":"2024-03-18T07:47:19","slug":"senyalitzacio-de-parquing","status":"publish","type":"page","link":"https:\/\/www.signes.es\/ca\/senyalitzacio\/senyalitzacio-de-parquing\/","title":{"rendered":"Senyalitzaci\u00f3 de p\u00e0rquing"},"content":{"rendered":"\n<h2 class=\"wp-block-heading\">Seguretat assegurada a la teva senyalitzaci\u00f3 de p\u00e0rquing<\/h2>\n\n<p>Avui dia hi ha una aut\u00e8ntica especialitzaci\u00f3 en la senyalitzaci\u00f3 de p\u00e0rquings.<\/p>\n\n<p>Els accessos a centres comercials, edificis doficines, parcs empresarials, grans magatzems, centres hospitalaris, etc. es fan en la gran majoria dels casos, en vehicle.<\/p>\n\n<p>Les entrades d&#8217;aparcaments, aix\u00ed com els vest\u00edbuls d&#8217;ascensors i escales que donen acc\u00e9s a les plantes, han esdevingut realment les portes principals d&#8217;entrada a qualsevol edifici.<\/p>\n\n<p>Per decorar parets i sostres s&#8217;utilitzen materials i acabats diferents de la resta del p\u00e0rquing. Es pinten aquestes zones amb colors cridaners per crear un punt d&#8217;atenci\u00f3 per a aquests nuclis verticals de connexi\u00f3 a la resta de l&#8217;edifici, es potencia la il\u00b7luminaci\u00f3 com a reclam, i la senyalitzaci\u00f3 i la decoraci\u00f3 gr\u00e0fica dels mateixos es converteix ara en un element imprescindible.<\/p>\n\n<p>Aix\u00f2 ens ha obligat a especialitzar-nos en aquest \u00e0mbit. Tenim gran experi\u00e8ncia en el desenvolupament de projectes de wayfinding per a la senyalitzaci\u00f3 a aparcaments.<\/p>\n\n<figure class=\"wp-block-image\"><img decoding=\"async\" src=\"https:\/\/www.signes.es\/wp-content\/uploads\/2017\/03\/As-Cancelas-Pk-Entr-2.jpg\" alt=\"Senyalitzaci&#xF3; P&#xE0;rquing\" title=\"As-Canceles-Pk-Entr-2\"\/><\/figure>\n\n<p>Gr\u00e0cies a la senyalitzaci\u00f3 digital podem resoldre problemes de fluxos i circulacions que, per q\u00fcestions hor\u00e0ries, reben al mateix instant una quantitat important d&#8217;usuaris.<\/p>\n\n<p>La facilitat dels sistemes inform\u00e0tics aplicats a la retolaci\u00f3 permetr\u00e0, en segons, crear nous circuits que evitaran que els p\u00e0rquings de grans superf\u00edcies es converteixin en ratoneres.<\/p>\n\n<p>La peculiaritat dels circuits vials o de vianants, diversitat de plantes, requereixen una bona senyalitzaci\u00f3 per a la localitzaci\u00f3 dels accessos primer, i per a la important localitzaci\u00f3 del vehicle a la tornada.<\/p>\n\n<p>Una senyalitzaci\u00f3 eficient en un aparcament evita accidents de tr\u00e0nsit i p\u00e8rdues de temps.<\/p>\n\n<p>La recomanaci\u00f3 de l&#8217;\u00fas de r\u00e8tols lluminosos, din\u00e0mics o digitals, mides adequades, la seva correcta ubicaci\u00f3, aix\u00ed com la utilitzaci\u00f3 de missatges informatius espec\u00edfics d&#8217;aquest \u00e0mbit, faran que els usuaris de l&#8217;aparcament tinguin una experi\u00e8ncia comercial positiva o una bona imatge de la companyia que visiten.<\/p>\n","protected":false},"excerpt":{"rendered":"<p>Seguretat assegurada a la teva senyalitzaci\u00f3 de p\u00e0rquing Avui dia hi ha una aut\u00e8ntica especialitzaci\u00f3 en la senyalitzaci\u00f3 de p\u00e0rquings. Els accessos a centres comercials, edificis doficines, parcs empresarials, grans magatzems, centres hospitalaris, etc. es fan en la gran majoria dels casos, en vehicle. Les entrades d&#8217;aparcaments, aix\u00ed com els vest\u00edbuls d&#8217;ascensors i escales que&hellip;<\/p>\n","protected":false},"author":1,"featured_media":0,"parent":2585,"menu_order":0,"comment_status":"closed","ping_status":"closed","template":"","meta":{"_acf_changed":false,"inline_featured_image":false,"footnotes":""},"class_list":["post-1808","page","type-page","status-publish","hentry","description-off"],"acf":[],"jetpack_sharing_enabled":true,"_links":{"self":[{"href":"https:\/\/www.signes.es\/ca\/wp-json\/wp\/v2\/pages\/1808","targetHints":{"allow":["GET"]}}],"collection":[{"href":"https:\/\/www.signes.es\/ca\/wp-json\/wp\/v2\/pages"}],"about":[{"href":"https:\/\/www.signes.es\/ca\/wp-json\/wp\/v2\/types\/page"}],"author":[{"embeddable":true,"href":"https:\/\/www.signes.es\/ca\/wp-json\/wp\/v2\/users\/1"}],"replies":[{"embeddable":true,"href":"https:\/\/www.signes.es\/ca\/wp-json\/wp\/v2\/comments?post=1808"}],"version-history":[{"count":1,"href":"https:\/\/www.signes.es\/ca\/wp-json\/wp\/v2\/pages\/1808\/revisions"}],"predecessor-version":[{"id":1813,"href":"https:\/\/www.signes.es\/ca\/wp-json\/wp\/v2\/pages\/1808\/revisions\/1813"}],"up":[{"embeddable":true,"href":"https:\/\/www.signes.es\/ca\/wp-json\/wp\/v2\/pages\/2585"}],"wp:attachment":[{"href":"https:\/\/www.signes.es\/ca\/wp-json\/wp\/v2\/media?parent=1808"}],"curies":[{"name":"wp","href":"https:\/\/api.w.org\/{rel}","templated":true}]}}