{"id":1807,"date":"2024-02-11T12:26:04","date_gmt":"2024-02-11T11:26:04","guid":{"rendered":"https:\/\/www.signes.es\/senyalitzacio-mobil-wetfloor\/"},"modified":"2024-03-18T08:47:19","modified_gmt":"2024-03-18T07:47:19","slug":"senyalitzacio-mobil-wetfloor","status":"publish","type":"page","link":"https:\/\/www.signes.es\/ca\/senyalitzacio\/senyalitzacio-mobil-wetfloor\/","title":{"rendered":"Senyalitzaci\u00f3 m\u00f2bil &#8211; WetFloor"},"content":{"rendered":"\n<h2 class=\"wp-block-heading\">WetFloor, senyalitzaci\u00f3 per tenir cura dels detalls<\/h2>\n\n<p>WetFloor \u00e9s un suport de senyalitzaci\u00f3 m\u00f2bil per a informaci\u00f3 temporal en entorns de qualitat. La senyalitzaci\u00f3 de seguretat per a s\u00f2ls mullats \u00e9s imprescindible a zones d&#8217;alta densitat d&#8217;usuaris.<\/p>\n\n<p>Signes ha desenvolupat aquesta pe\u00e7a per substituir i resoldre l&#8217;agressi\u00f3 est\u00e8tica que representa la tradicional i est\u00e0ndard soluci\u00f3 de PVC groc. WetFloor \u00e9s un suport pensat per a aquells espais on la imatge t\u00e9 un pes important. El seu disseny el converteix en ideal per a entorns on s&#8217;ha tingut cura de l&#8217;interiorisme, el mobiliari i els complements que conformen la imatge general de l&#8217;espai. Independentment de les solucions gr\u00e0fiques dissenyades per a terres mullats, WetFloor resol les necessitats temporals de senyalitzaci\u00f3 en entorns exteriors amb ambients climatol\u00f2gicament desfavorables.<\/p>\n\n<figure class=\"wp-block-image\"><img decoding=\"async\" src=\"https:\/\/www.signes.es\/wp-content\/uploads\/2017\/10\/Wet-Floor-OK-58.jpg\" alt=\"\" title=\"Wet-Floor-OK-58\"\/><\/figure>\n\n<p>Aquesta pe\u00e7a est\u00e0 fabricada amb un panell fen\u00f2lic compacte, laminat a alta pressi\u00f3. El material utilitzat \u00e9s una barreja de fins al 70% de fibres, basades en fusta i resines termoenduribles. \u00c9s un material s\u00f2lid i robust, resistent als impactes, aigua i humitat.<\/p>\n\n<p>El model est\u00e0ndard \u00e9s de color groc amb la gr\u00e0fica en color negre, colors que contrasten, criden l&#8217;atenci\u00f3 a l&#8217;usuari i, alhora, aquesta taca groga ens recorda els suports a qu\u00e8 estem acostumats a veure. El missatge es comunica en diversos idiomes. Tamb\u00e9 hi ha la possibilitat de personalitzar la pe\u00e7a amb la identitat corporativa del client o amb el missatge que en pugui satisfer la necessitat.<\/p>\n\n<p>El disseny s&#8217;ha basat en solucions coherents mediambientals, descartant l&#8217;alumini, perqu\u00e8 aquest panell laminat compacte \u00e9s m\u00e9s ecoeficient. La seva frontissa especial permet que la base es plegui i n&#8217;afavoreix l&#8217;emmagatzematge. \u00c9s de f\u00e0cil manipulaci\u00f3 amb una sola m\u00e0.<\/p>\n","protected":false},"excerpt":{"rendered":"<p>WetFloor, senyalitzaci\u00f3 per tenir cura dels detalls WetFloor \u00e9s un suport de senyalitzaci\u00f3 m\u00f2bil per a informaci\u00f3 temporal en entorns de qualitat. La senyalitzaci\u00f3 de seguretat per a s\u00f2ls mullats \u00e9s imprescindible a zones d&#8217;alta densitat d&#8217;usuaris. Signes ha desenvolupat aquesta pe\u00e7a per substituir i resoldre l&#8217;agressi\u00f3 est\u00e8tica que representa la tradicional i est\u00e0ndard soluci\u00f3&hellip;<\/p>\n","protected":false},"author":1,"featured_media":0,"parent":2585,"menu_order":0,"comment_status":"closed","ping_status":"closed","template":"","meta":{"_acf_changed":false,"inline_featured_image":false,"footnotes":""},"class_list":["post-1807","page","type-page","status-publish","hentry","description-off"],"acf":[],"jetpack_sharing_enabled":true,"_links":{"self":[{"href":"https:\/\/www.signes.es\/ca\/wp-json\/wp\/v2\/pages\/1807","targetHints":{"allow":["GET"]}}],"collection":[{"href":"https:\/\/www.signes.es\/ca\/wp-json\/wp\/v2\/pages"}],"about":[{"href":"https:\/\/www.signes.es\/ca\/wp-json\/wp\/v2\/types\/page"}],"author":[{"embeddable":true,"href":"https:\/\/www.signes.es\/ca\/wp-json\/wp\/v2\/users\/1"}],"replies":[{"embeddable":true,"href":"https:\/\/www.signes.es\/ca\/wp-json\/wp\/v2\/comments?post=1807"}],"version-history":[{"count":1,"href":"https:\/\/www.signes.es\/ca\/wp-json\/wp\/v2\/pages\/1807\/revisions"}],"predecessor-version":[{"id":1809,"href":"https:\/\/www.signes.es\/ca\/wp-json\/wp\/v2\/pages\/1807\/revisions\/1809"}],"up":[{"embeddable":true,"href":"https:\/\/www.signes.es\/ca\/wp-json\/wp\/v2\/pages\/2585"}],"wp:attachment":[{"href":"https:\/\/www.signes.es\/ca\/wp-json\/wp\/v2\/media?parent=1807"}],"curies":[{"name":"wp","href":"https:\/\/api.w.org\/{rel}","templated":true}]}}