{"id":1804,"date":"2024-02-11T12:23:37","date_gmt":"2024-02-11T11:23:37","guid":{"rendered":"https:\/\/www.signes.es\/identitat-corporativa\/"},"modified":"2024-03-18T08:47:19","modified_gmt":"2024-03-18T07:47:19","slug":"identitat-corporativa","status":"publish","type":"page","link":"https:\/\/www.signes.es\/ca\/senyalitzacio\/identitat-corporativa\/","title":{"rendered":"Identitat corporativa"},"content":{"rendered":"\n<h2 class=\"wp-block-heading\">Valor industrial afegit<\/h2>\n\n<p>Cada dia m\u00e9s, les empreses (bancs, multinacionals, hotels, grans companyies, etc.) necessiten aconseguir un r\u00e8dit de la seva identitat corporativa i obtenir un profit i un plus de marca davant dels clients.<\/p>\n\n<p>El mateix passa amb les corporacions municipals, les ciutats o institucions culturals davant dels ciutadans o les seves comunitats, necessiten formar part de la societat cada cop m\u00e9s d&#8217;una manera rellevant i notable.<\/p>\n\n<p>A ning\u00fa no li queda dubte quan es veu un president d&#8217;una gran corporaci\u00f3 impartint una xerrada o sortint als mitjans de comunicaci\u00f3. La identitat gr\u00e0fica de la companyia que representa sempre \u00e9s present i ben visible al fons de la seva imatge o al faristol de la confer\u00e8ncia.<\/p>\n\n<figure class=\"wp-block-image\"><img decoding=\"async\" src=\"https:\/\/www.signes.es\/wp-content\/uploads\/2017\/03\/PFCMalaga-Rot.Fach-6.jpg\" alt=\"\" title=\"Senyalitzaci&#xF3; corporativa\"\/><\/figure>\n\n<p>L&#8217;estrat\u00e8gia de comunicaci\u00f3 de la majoria de les empreses i les institucions inclou una bona implantaci\u00f3 de la seva identitat corporativa. En som conscients i de la import\u00e0ncia de les peces que fabriquem.<\/p>\n\n<p>Els nostres r\u00e8tols deixen de ser materials manipulats per convertir-se en senys didentitat de les corporacions. La correcta aplicaci\u00f3 de la marca, respectant fidelment les proporcions, tipografies, colors i fins i tot els materials i acabats m\u00e9s acords a cada empresa, far\u00e0 que qualsevol implantaci\u00f3 sumi al pla estrat\u00e8gic de comunicaci\u00f3.<\/p>\n\n<p>Les variants s\u00f3n moltes, depenent del tipus de client i \u00fas al qual vagin destinat: r\u00e8tols lluminosos, amb il\u00b7luminaci\u00f3 de leds o sense, corporis, lletres en volum, grafismes, r\u00e8tols, panells, etc\u00e8tera, es fabriquen a Signes adequant els m\u00e9s idonis a cada implantaci\u00f3, i sempre tenint en compte que un preu adequat dels r\u00e8tols \u00e9s tamb\u00e9 un factor important per als nostres clients.<\/p>\n\n<p>El nostre repte -des del nostre punt de vista- \u00e9s fer un vestit a mida en cada cas. No serveixen solucions est\u00e0ndard que rebaixin les expectatives dels nostres clients. Amb seus a Barcelona i Madrid, a Signes oferim la possibilitat de fabricar r\u00e8tols a qualsevol punt de la geografia que necessitin els nostres clients.<\/p>\n","protected":false},"excerpt":{"rendered":"<p>Valor industrial afegit Cada dia m\u00e9s, les empreses (bancs, multinacionals, hotels, grans companyies, etc.) necessiten aconseguir un r\u00e8dit de la seva identitat corporativa i obtenir un profit i un plus de marca davant dels clients. El mateix passa amb les corporacions municipals, les ciutats o institucions culturals davant dels ciutadans o les seves comunitats, necessiten&hellip;<\/p>\n","protected":false},"author":1,"featured_media":0,"parent":2585,"menu_order":0,"comment_status":"closed","ping_status":"closed","template":"","meta":{"_acf_changed":false,"inline_featured_image":false,"footnotes":""},"class_list":["post-1804","page","type-page","status-publish","hentry","description-off"],"acf":[],"jetpack_sharing_enabled":true,"_links":{"self":[{"href":"https:\/\/www.signes.es\/ca\/wp-json\/wp\/v2\/pages\/1804","targetHints":{"allow":["GET"]}}],"collection":[{"href":"https:\/\/www.signes.es\/ca\/wp-json\/wp\/v2\/pages"}],"about":[{"href":"https:\/\/www.signes.es\/ca\/wp-json\/wp\/v2\/types\/page"}],"author":[{"embeddable":true,"href":"https:\/\/www.signes.es\/ca\/wp-json\/wp\/v2\/users\/1"}],"replies":[{"embeddable":true,"href":"https:\/\/www.signes.es\/ca\/wp-json\/wp\/v2\/comments?post=1804"}],"version-history":[{"count":1,"href":"https:\/\/www.signes.es\/ca\/wp-json\/wp\/v2\/pages\/1804\/revisions"}],"predecessor-version":[{"id":1806,"href":"https:\/\/www.signes.es\/ca\/wp-json\/wp\/v2\/pages\/1804\/revisions\/1806"}],"up":[{"embeddable":true,"href":"https:\/\/www.signes.es\/ca\/wp-json\/wp\/v2\/pages\/2585"}],"wp:attachment":[{"href":"https:\/\/www.signes.es\/ca\/wp-json\/wp\/v2\/media?parent=1804"}],"curies":[{"name":"wp","href":"https:\/\/api.w.org\/{rel}","templated":true}]}}