{"id":1791,"date":"2024-02-11T12:27:27","date_gmt":"2024-02-11T11:27:27","guid":{"rendered":"https:\/\/www.signes.es\/senyalitzacio-digital\/"},"modified":"2024-03-18T08:47:19","modified_gmt":"2024-03-18T07:47:19","slug":"senyalitzacio-digital","status":"publish","type":"page","link":"https:\/\/www.signes.es\/ca\/senyalitzacio\/senyalitzacio-digital\/","title":{"rendered":"Senyalitzaci\u00f3 digital"},"content":{"rendered":"\n<h2 class=\"wp-block-heading\">Senyalitzaci\u00f3 digital basada en la versatilitat, el dinamisme i la immediatesa<\/h2>\n\n<p>La senyalitzaci\u00f3 digital (digital signage), coneguda tamb\u00e9 com a senyalitzaci\u00f3 digital din\u00e0mica o senyalitzaci\u00f3 digital multim\u00e8dia, \u00e9s l&#8217;\u00fas de continguts digitals projectats a trav\u00e9s de pantalles LED, LCD o plasma.<\/p>\n\n<p>La tecnologia est\u00e0 en constant canvi, i cont\u00ednuament altera la manera com interactuem amb el nostre entorn. La senyalitzaci\u00f3 tamb\u00e9 ha evolucionat i cada cop m\u00e9s, les solucions de senyalitzaci\u00f3 digital s\u00f3n un recurs imprescindible per flexibilitzar els missatges que volem comunicar. Permet presentar la informaci\u00f3 de forma din\u00e0mica, canviar la informaci\u00f3 de manera \u00e0gil, facilitant la interacci\u00f3 de l&#8217;usuari amb els continguts. Converteix all\u00f2 est\u00e0tic en din\u00e0mic.<\/p>\n\n<p>La senyalitzaci\u00f3 digital permet mostrar continguts de manera r\u00e0pida i din\u00e0mica, substituint els r\u00e8tols tradicionals, o b\u00e9 complementant-los. Tamb\u00e9 permet programacions necess\u00e0ries per adequar-les als dies, horaris i necessitats puntuals o sistem\u00e0tiques relacionades amb els h\u00e0bits dels clients dels nostres clients.<\/p>\n\n<figure class=\"wp-block-image\"><img decoding=\"async\" src=\"https:\/\/www.signes.es\/wp-content\/uploads\/2017\/03\/As-Cancelas-Int-Direct-3-e1508946391123.jpg\" alt=\"Senyalitzaci&#xF3; Digital\" title=\"As-Canceles-Int-Direct-3\"\/><\/figure>\n\n<p>A Signes hem recorregut aquest cam\u00ed que ens permet estudiar cada cas i oferir les millors solucions dins d&#8217;un ampli ventall d&#8217;opcions per donar la resposta correcta a cada necessitat amb la inversi\u00f3 adequada. Des del maquinari, fins al programari personalitzat o els gestors de contingut per facilitar i simplificar el manteniment dels missatges que es mostren. La nostra experi\u00e8ncia multisectorial ofereix la possibilitat de desenvolupar projectes singulars amb l&#8217;\u00fas de diferents tecnologies i amb el disseny industrial que encaixa millor a cada col\u00b7lectiu.<\/p>\n\n<h3 class=\"wp-block-heading\"><\/h3>\n\n<ul class=\"wp-block-list\">\n<li>Directoris digitals interactiusS\u00f3n molt \u00fatils a centres comercials, centres hospitalaris, museus, hotels, etc. on la informaci\u00f3 es pot canviar, modificar i actualitzar f\u00e0cilment mitjan\u00e7ant el programari adequat.<\/li>\n\n\n\n<li>Pantalles digitals o displays interactiusPer mostrar informaci\u00f3 o publicitat, imatges i\/o v\u00eddeos.<\/li>\n\n\n\n<li>Solucions decorativa lluminoses per a fa\u00e7anes o interiors Mitjan\u00e7ant llumin\u00e0ries RGB. S\u00f3n molt vers\u00e0tils ja que es pot assolir el color o colors desitjats per al moment adequat amb infinitat de possibilitats de programaci\u00f3.<\/li>\n<\/ul>\n","protected":false},"excerpt":{"rendered":"<p>Senyalitzaci\u00f3 digital basada en la versatilitat, el dinamisme i la immediatesa La senyalitzaci\u00f3 digital (digital signage), coneguda tamb\u00e9 com a senyalitzaci\u00f3 digital din\u00e0mica o senyalitzaci\u00f3 digital multim\u00e8dia, \u00e9s l&#8217;\u00fas de continguts digitals projectats a trav\u00e9s de pantalles LED, LCD o plasma. La tecnologia est\u00e0 en constant canvi, i cont\u00ednuament altera la manera com interactuem amb&hellip;<\/p>\n","protected":false},"author":1,"featured_media":0,"parent":2585,"menu_order":0,"comment_status":"closed","ping_status":"closed","template":"","meta":{"_acf_changed":false,"inline_featured_image":false,"footnotes":""},"class_list":["post-1791","page","type-page","status-publish","hentry","description-off"],"acf":[],"jetpack_sharing_enabled":true,"_links":{"self":[{"href":"https:\/\/www.signes.es\/ca\/wp-json\/wp\/v2\/pages\/1791","targetHints":{"allow":["GET"]}}],"collection":[{"href":"https:\/\/www.signes.es\/ca\/wp-json\/wp\/v2\/pages"}],"about":[{"href":"https:\/\/www.signes.es\/ca\/wp-json\/wp\/v2\/types\/page"}],"author":[{"embeddable":true,"href":"https:\/\/www.signes.es\/ca\/wp-json\/wp\/v2\/users\/1"}],"replies":[{"embeddable":true,"href":"https:\/\/www.signes.es\/ca\/wp-json\/wp\/v2\/comments?post=1791"}],"version-history":[{"count":1,"href":"https:\/\/www.signes.es\/ca\/wp-json\/wp\/v2\/pages\/1791\/revisions"}],"predecessor-version":[{"id":1793,"href":"https:\/\/www.signes.es\/ca\/wp-json\/wp\/v2\/pages\/1791\/revisions\/1793"}],"up":[{"embeddable":true,"href":"https:\/\/www.signes.es\/ca\/wp-json\/wp\/v2\/pages\/2585"}],"wp:attachment":[{"href":"https:\/\/www.signes.es\/ca\/wp-json\/wp\/v2\/media?parent=1791"}],"curies":[{"name":"wp","href":"https:\/\/api.w.org\/{rel}","templated":true}]}}