{"id":1790,"date":"2024-02-11T12:45:40","date_gmt":"2024-02-11T11:45:40","guid":{"rendered":"https:\/\/www.signes.es\/nota-legal\/"},"modified":"2024-03-18T08:47:05","modified_gmt":"2024-03-18T07:47:05","slug":"nota-legal","status":"publish","type":"page","link":"https:\/\/www.signes.es\/ca\/nota-legal\/","title":{"rendered":"Nota Legal"},"content":{"rendered":"\n<h2 class=\"wp-block-heading\">Pol\u00edtica de privadesa<\/h2>\n\n<p>Dret d&#8217;informaci\u00f3<\/p>\n\n<p>Als efectes del que preveu la Llei Org\u00e0nica de Protecci\u00f3 de Dades de car\u00e0cter personal, SIGNES Imatge i Comunicaci\u00f3, SA informa a l&#8217;usuari de l&#8217;exist\u00e8ncia d&#8217;un fitxer automatitzat de dades de car\u00e0cter personal creat per SIGNES Imatge i Comunicaci\u00f3, SA i sota el seu responsabilitat amb la finalitat de realitzar el manteniment i la gesti\u00f3 de la relaci\u00f3 amb els sol\u00b7licitants d&#8217;informaci\u00f3 o usuaris que han accedit a trav\u00e9s de formularis electr\u00f2nics d&#8217;aquest lloc web o mitjan\u00e7ant missatges de correu electr\u00f2nic.<\/p>\n\n<p>Finalitat<\/p>\n\n<p>Les dades que vost\u00e8 facilita a SIGNES Imatge i Comunicaci\u00f3, SA tenen com a finalitat gestionar la seva sol\u00b7licitud, facilitar-li informaci\u00f3 i\/o serveis que sol\u00b7liciti i poder oferir nous serveis i productes.<\/p>\n\n<p>Consentiment de l&#8217;usuari<\/p>\n\n<p>L&#8217;enviament de les dades mitjan\u00e7ant l&#8217;\u00fas dels formularis electr\u00f2nics d&#8217;aquest lloc web, suposa el consentiment del remitent al tractament automatitzat de les dades incloses als mitjans de comunicaci\u00f3 indicats, amb la validaci\u00f3 expressa del clic a : He llegit i <strong>accepto<\/strong> els termes i condicions. Les dades no seran cedides a tercers. L&#8217;usuari garanteix que les dades personals facilitades a SIGNES Imatge i Comunicaci\u00f3, SA s\u00f3n veraces i es fa responsable de comunicar-ne qualsevol modificaci\u00f3.<\/p>\n\n<p>Llevat dels camps en qu\u00e8 s&#8217;indiqui expressament el contrari, el lliurament d&#8217;informaci\u00f3 requerida sobre dades personals tindr\u00e0 el car\u00e0cter de volunt\u00e0ria, sense que la negativa a facilitar aquesta informaci\u00f3 impliqui un minvament en la qualitat o quantitat dels serveis que sol\u00b7licite. La manca d&#8217;emplenament dels camps determinats com a obligatoris o el subministrament de dades incorrectes impossibilitar\u00e0 que SIGNES Imatge i Comunicaci\u00f3, SA pugui prestar-li els serveis que seleccioni, gestionar la seva sol\u00b7licitud o remetre-li la informaci\u00f3 sol\u00b7licitada.<\/p>\n\n<p>Drets d&#8217;acc\u00e9s, rectificaci\u00f3, cancel\u00b7laci\u00f3, oposici\u00f3, limitaci\u00f3 del tractament i portabilitat de les dades.<\/p>\n\n<p>Podr\u00e0 exercir el seu dret d&#8217;acc\u00e9s, rectificaci\u00f3, cancel\u00b7laci\u00f3, oposici\u00f3, limitaci\u00f3 del seu tractament i portabilitat de les seves dades personals, en els termes i condicions previstos al mateix RGPD i LOPD.<\/p>\n\n<p>Per a m\u00e9s comoditat, podr\u00e0 exercir els drets abans esmentats dirigint-se a SIGNES Imatge i Comunicaci\u00f3, SA \u2013 Av. Carrilet, 243. 08907 L&#8217;Hospitalet de Llobregat (Barcelona. Espanya), o b\u00e9 a la nostra adre\u00e7a de correu electr\u00f2nic: <a href=\"mailto:info@signes.es\">info@signes.es<\/a> .<\/p>\n\n<p>Seguretat i actualitzaci\u00f3 de les vostres dades personals<\/p>\n\n<p>Amb l&#8217;objectiu de salvaguardar les vostres dades personals, us informem que SIGNES IMATGE I COMUNICACI\u00d3, SA ha adoptat totes les mesures d&#8217;\u00edndole t\u00e8cnica i organitzativa necess\u00e0ries per garantir la seguretat de les dades personals subministrades. Tot aix\u00f2 per evitar la seva alteraci\u00f3, p\u00e8rdua i\/o tractaments o accessos no autoritzats, tal com exigeix \u200b\u200bla normativa.<\/p>\n\n<p>El responsable del tractament de les vostres dades personals \u00e9s info@signes.es.<\/p>\n\n<p>Base de tractament: Consentiment expr\u00e9s de les dades.<\/p>\n\n<p>Les dades mai no seran cedides a terceres persones ni a altres empreses, excepte per imperatiu legal.<\/p>\n\n<p>Dades didentificaci\u00f3 dacord amb la Llei 34\/2002, de 11 de juliol, de Serveis de la Societat de la Informaci\u00f3 i de Comer\u00e7 Electr\u00f2nic<\/p>\n\n<p>SIGNES Imatge i Comunicaci\u00f3, SA<\/p>\n\n<p>Av. Carrilet, 243<\/p>\n\n<p>08907 \u2013 L&#8217;Hospitalet de Llobregat \u2013 Barcelona (Espanya)<\/p>\n\n<p>CIF-A-58470220.<\/p>\n\n<p>Inscrita al Registre Mercantil de Barcelona tom 9057, llibre 8227 secci\u00f3 2 foli 120 full n\u00fam. 107693 inscripci\u00f3 1.<\/p>\n\n<p>Inscripci\u00f3 de la WEB Signes.es al registre Mercantil de Barcelona arxivat al lligall an) amb n\u00famero 3524\/03 que ha quedat inscrit al Tom 23148 \u200b\u200bFoli 69 Full B 50348, Inscripci\u00f3 11.<\/p>\n","protected":false},"excerpt":{"rendered":"<p>Pol\u00edtica de privadesa Dret d&#8217;informaci\u00f3 Als efectes del que preveu la Llei Org\u00e0nica de Protecci\u00f3 de Dades de car\u00e0cter personal, SIGNES Imatge i Comunicaci\u00f3, SA informa a l&#8217;usuari de l&#8217;exist\u00e8ncia d&#8217;un fitxer automatitzat de dades de car\u00e0cter personal creat per SIGNES Imatge i Comunicaci\u00f3, SA i sota el seu responsabilitat amb la finalitat de realitzar&hellip;<\/p>\n","protected":false},"author":1,"featured_media":0,"parent":0,"menu_order":0,"comment_status":"closed","ping_status":"closed","template":"","meta":{"_acf_changed":false,"inline_featured_image":false,"footnotes":""},"class_list":["post-1790","page","type-page","status-publish","hentry","description-off"],"acf":[],"jetpack_sharing_enabled":true,"_links":{"self":[{"href":"https:\/\/www.signes.es\/ca\/wp-json\/wp\/v2\/pages\/1790","targetHints":{"allow":["GET"]}}],"collection":[{"href":"https:\/\/www.signes.es\/ca\/wp-json\/wp\/v2\/pages"}],"about":[{"href":"https:\/\/www.signes.es\/ca\/wp-json\/wp\/v2\/types\/page"}],"author":[{"embeddable":true,"href":"https:\/\/www.signes.es\/ca\/wp-json\/wp\/v2\/users\/1"}],"replies":[{"embeddable":true,"href":"https:\/\/www.signes.es\/ca\/wp-json\/wp\/v2\/comments?post=1790"}],"version-history":[{"count":1,"href":"https:\/\/www.signes.es\/ca\/wp-json\/wp\/v2\/pages\/1790\/revisions"}],"predecessor-version":[{"id":1796,"href":"https:\/\/www.signes.es\/ca\/wp-json\/wp\/v2\/pages\/1790\/revisions\/1796"}],"wp:attachment":[{"href":"https:\/\/www.signes.es\/ca\/wp-json\/wp\/v2\/media?parent=1790"}],"curies":[{"name":"wp","href":"https:\/\/api.w.org\/{rel}","templated":true}]}}